{"id":14393,"date":"2022-07-24T15:34:29","date_gmt":"2022-07-24T15:34:29","guid":{"rendered":"https:\/\/remoplastic.co\/remo-markating\/"},"modified":"2022-08-18T04:50:10","modified_gmt":"2022-08-18T04:50:10","slug":"remo-markating","status":"publish","type":"page","link":"https:\/\/remoplastic.co\/de\/remo-markating\/","title":{"rendered":"REMO MARKATING"},"content":{"rendered":"<div class=\"wpb-content-wrapper\">[vc_row][vc_column][vc_empty_space height=&#8221;50px&#8221;][vc_column_text css_animation=&#8221;fadeInUpBig&#8221;]Wir glauben, dass unsere breite Palette von Polymeren und Verbundprodukten f\u00fcr verschiedene Branchen wie Automobil, Medizin, Bauwesen, Sportger\u00e4te und viele andere die Lebensqualit\u00e4t verbessert.[\/vc_column_text][\/vc_column][\/vc_row]\n<\/div>","protected":false},"excerpt":{"rendered":"<p>[vc_row][vc_column][vc_empty_space height=&#8221;50px&#8221;][vc_column_text css_animation=&#8221;fadeInUpBig&#8221;]Wir glauben, dass unsere breite Palette von Polymeren und Verbundprodukten f\u00fcr verschiedene Branchen wie Automobil, Medizin, Bauwesen, Sportger\u00e4te [&hellip;]<\/p>\n","protected":false},"author":1,"featured_media":14096,"parent":0,"menu_order":0,"comment_status":"closed","ping_status":"closed","template":"","meta":{"nf_dc_page":"","footnotes":""},"class_list":["post-14393","page","type-page","status-publish","has-post-thumbnail","hentry"],"jetpack_sharing_enabled":true,"_links":{"self":[{"href":"https:\/\/remoplastic.co\/de\/wp-json\/wp\/v2\/pages\/14393","targetHints":{"allow":["GET"]}}],"collection":[{"href":"https:\/\/remoplastic.co\/de\/wp-json\/wp\/v2\/pages"}],"about":[{"href":"https:\/\/remoplastic.co\/de\/wp-json\/wp\/v2\/types\/page"}],"author":[{"embeddable":true,"href":"https:\/\/remoplastic.co\/de\/wp-json\/wp\/v2\/users\/1"}],"replies":[{"embeddable":true,"href":"https:\/\/remoplastic.co\/de\/wp-json\/wp\/v2\/comments?post=14393"}],"version-history":[{"count":2,"href":"https:\/\/remoplastic.co\/de\/wp-json\/wp\/v2\/pages\/14393\/revisions"}],"predecessor-version":[{"id":14395,"href":"https:\/\/remoplastic.co\/de\/wp-json\/wp\/v2\/pages\/14393\/revisions\/14395"}],"wp:featuredmedia":[{"embeddable":true,"href":"https:\/\/remoplastic.co\/de\/wp-json\/wp\/v2\/media\/14096"}],"wp:attachment":[{"href":"https:\/\/remoplastic.co\/de\/wp-json\/wp\/v2\/media?parent=14393"}],"curies":[{"name":"wp","href":"https:\/\/api.w.org\/{rel}","templated":true}]}}