{"id":14401,"date":"2022-07-24T15:39:03","date_gmt":"2022-07-24T15:39:03","guid":{"rendered":"https:\/\/remoplastic.co\/remo-produkt\/"},"modified":"2022-08-18T05:01:42","modified_gmt":"2022-08-18T05:01:42","slug":"remo-produkt","status":"publish","type":"page","link":"https:\/\/remoplastic.co\/de\/remo-produkt\/","title":{"rendered":"Remo Produkt"},"content":{"rendered":"<div class=\"wpb-content-wrapper\">[vc_row][vc_column][vc_empty_space height=&#8221;100px&#8221;][vc_column_text css_animation=&#8221;bounceInDown&#8221;]Dieses Unternehmen konnte eine bedeutende Rolle bei der Bereitstellung von Polymermaterialien mit h\u00f6chster Qualit\u00e4t f\u00fcr seine Kunden spielen, indem es eine breite Palette von Polymerprodukten wie PA-PP-PE-PBT-ABS-PC und andere anbietet.[\/vc_column_text][vc_column_text css_animation=&#8221;fadeIn&#8221;]Remo-Polymerverbindungen werden mit einzigartigen und modifizierten Eigenschaften wie hoher thermischer und chemischer Best\u00e4ndigkeit, W\u00e4rme\u00fcbertragungsoberfl\u00e4chenmodifikation und vielen anderen Eigenschaften vermarktet.[\/vc_column_text][\/vc_column][\/vc_row]\n<\/div>","protected":false},"excerpt":{"rendered":"<p>[vc_row][vc_column][vc_empty_space height=&#8221;100px&#8221;][vc_column_text css_animation=&#8221;bounceInDown&#8221;]Dieses Unternehmen konnte eine bedeutende Rolle bei der Bereitstellung von Polymermaterialien mit h\u00f6chster Qualit\u00e4t f\u00fcr seine Kunden spielen, [&hellip;]<\/p>\n","protected":false},"author":1,"featured_media":14099,"parent":0,"menu_order":0,"comment_status":"closed","ping_status":"closed","template":"","meta":{"nf_dc_page":"","footnotes":""},"class_list":["post-14401","page","type-page","status-publish","has-post-thumbnail","hentry"],"jetpack_sharing_enabled":true,"_links":{"self":[{"href":"https:\/\/remoplastic.co\/de\/wp-json\/wp\/v2\/pages\/14401","targetHints":{"allow":["GET"]}}],"collection":[{"href":"https:\/\/remoplastic.co\/de\/wp-json\/wp\/v2\/pages"}],"about":[{"href":"https:\/\/remoplastic.co\/de\/wp-json\/wp\/v2\/types\/page"}],"author":[{"embeddable":true,"href":"https:\/\/remoplastic.co\/de\/wp-json\/wp\/v2\/users\/1"}],"replies":[{"embeddable":true,"href":"https:\/\/remoplastic.co\/de\/wp-json\/wp\/v2\/comments?post=14401"}],"version-history":[{"count":5,"href":"https:\/\/remoplastic.co\/de\/wp-json\/wp\/v2\/pages\/14401\/revisions"}],"predecessor-version":[{"id":14408,"href":"https:\/\/remoplastic.co\/de\/wp-json\/wp\/v2\/pages\/14401\/revisions\/14408"}],"wp:featuredmedia":[{"embeddable":true,"href":"https:\/\/remoplastic.co\/de\/wp-json\/wp\/v2\/media\/14099"}],"wp:attachment":[{"href":"https:\/\/remoplastic.co\/de\/wp-json\/wp\/v2\/media?parent=14401"}],"curies":[{"name":"wp","href":"https:\/\/api.w.org\/{rel}","templated":true}]}}