{"id":14433,"date":"2022-07-24T16:03:29","date_gmt":"2022-07-24T16:03:29","guid":{"rendered":"https:\/\/remoplastic.co\/rd\/"},"modified":"2022-09-24T05:46:58","modified_gmt":"2022-09-24T05:46:58","slug":"rd","status":"publish","type":"page","link":"https:\/\/remoplastic.co\/de\/rd\/","title":{"rendered":"R&amp;D"},"content":{"rendered":"<div class=\"wpb-content-wrapper\">[vc_row full_width=&#8221;stretch_row&#8221;][vc_column][vc_empty_space][vc_column_text css_animation=&#8221;fadeIn&#8221;]<strong>Entdecken Sie neue Wege des Wachstums:<\/strong><\/p>\n<p>&nbsp;<\/p>\n<p>Um Chemikalien und Materialien f\u00fcr unseren sich ver\u00e4ndernden Planeten zu entwickeln, ben\u00f6tigen Sie Informationen, die w\u00e4hrend des gesamten Produktlebenszyklus einen Mehrwert schaffen. Von der Innovation \u00fcber die Optimierung der Produktion bis hin zur sicheren Fertigung verf\u00fcgt <span style=\"color: #3366ff;\">REMO<\/span> \u00fcber die Daten, Tools und Technologien, um Ihre Entscheidungsfindung zu beeinflussen und Innovationen voranzutreiben. Weltweit arbeiten wir mit Unternehmen wie Ihrem zusammen, um:<\/p>\n<p>&nbsp;<\/p>\n<p><strong>Maximieren Sie den Gewinn:<\/strong><\/p>\n<p>&nbsp;<\/p>\n<p>Holen Sie sich das Wissen, das Sie ben\u00f6tigen, um Ressourcen zu sparen, energieeffiziente Prozesse zu finden und Sackgassen schneller zu beseitigen.<\/p>\n<p>&nbsp;<\/p>\n<p><strong>Nachhaltigkeit vorantreiben:<\/strong><\/p>\n<p>&nbsp;<\/p>\n<p>Erreichen Sie nachhaltige Produktionsziele, indem Sie neue Forschungs- und chemische Informatikwerkzeuge nutzen.<\/p>\n<p>&nbsp;<\/p>\n<p><strong>Erh\u00f6hen Sie die Sicherheit:<\/strong><\/p>\n<p>&nbsp;<\/p>\n<p>Mindern Sie EHS (Environment, Health &amp; Safety), Risiken mit Informationen \u00fcber Best Practices der Branche.<\/p>\n<p>Mit unseren intuitiven Anwendungen finden unsere Chemiker und Wissenschaftler die Antworten, um Projekte schneller voranzubringen. Unsere Datens\u00e4tze und Datenfunktionen k\u00f6nnen Ihr Unternehmen beschleunigen, um ein neues Ma\u00df an \u00d6koeffizienz zu erreichen.<br \/>\nIn der F&amp;E-Abteilung wird spezialisiertes Personal im Bereich Forschung und Entwicklung mit hoher Erfahrung und Abschl\u00fcssen eingesetzt, was es erm\u00f6glicht, in neue Projekte zu investieren.[\/vc_column_text][\/vc_column][\/vc_row]\n<\/div>","protected":false},"excerpt":{"rendered":"<p>[vc_row full_width=&#8221;stretch_row&#8221;][vc_column][vc_empty_space][vc_column_text css_animation=&#8221;fadeIn&#8221;]Entdecken Sie neue Wege des Wachstums: &nbsp; Um Chemikalien und Materialien f\u00fcr unseren sich ver\u00e4ndernden Planeten zu entwickeln, [&hellip;]<\/p>\n","protected":false},"author":1,"featured_media":14108,"parent":0,"menu_order":0,"comment_status":"closed","ping_status":"closed","template":"","meta":{"nf_dc_page":"","footnotes":""},"class_list":["post-14433","page","type-page","status-publish","has-post-thumbnail","hentry"],"jetpack_sharing_enabled":true,"_links":{"self":[{"href":"https:\/\/remoplastic.co\/de\/wp-json\/wp\/v2\/pages\/14433","targetHints":{"allow":["GET"]}}],"collection":[{"href":"https:\/\/remoplastic.co\/de\/wp-json\/wp\/v2\/pages"}],"about":[{"href":"https:\/\/remoplastic.co\/de\/wp-json\/wp\/v2\/types\/page"}],"author":[{"embeddable":true,"href":"https:\/\/remoplastic.co\/de\/wp-json\/wp\/v2\/users\/1"}],"replies":[{"embeddable":true,"href":"https:\/\/remoplastic.co\/de\/wp-json\/wp\/v2\/comments?post=14433"}],"version-history":[{"count":5,"href":"https:\/\/remoplastic.co\/de\/wp-json\/wp\/v2\/pages\/14433\/revisions"}],"predecessor-version":[{"id":16248,"href":"https:\/\/remoplastic.co\/de\/wp-json\/wp\/v2\/pages\/14433\/revisions\/16248"}],"wp:featuredmedia":[{"embeddable":true,"href":"https:\/\/remoplastic.co\/de\/wp-json\/wp\/v2\/media\/14108"}],"wp:attachment":[{"href":"https:\/\/remoplastic.co\/de\/wp-json\/wp\/v2\/media?parent=14433"}],"curies":[{"name":"wp","href":"https:\/\/api.w.org\/{rel}","templated":true}]}}