{"id":14440,"date":"2022-07-24T13:55:16","date_gmt":"2022-07-24T13:55:16","guid":{"rendered":"https:\/\/remoplastic.co\/ueber-uns\/"},"modified":"2022-09-24T05:41:11","modified_gmt":"2022-09-24T05:41:11","slug":"ueber-uns","status":"publish","type":"page","link":"https:\/\/remoplastic.co\/de\/ueber-uns\/","title":{"rendered":"\u00dcber uns"},"content":{"rendered":"<div class=\"wpb-content-wrapper\">[vc_row css=&#8221;.vc_custom_1658770373062{margin-top: 60px !important;}&#8221;][vc_column]<div class=\"shortcode-wrapper shortcode-title clearfix\"><h2 class=\"aligncenter\">Find out more about Remo&#8217;s plastic<\/h2><\/div>[vc_icon icon_fontawesome=&#8221;fas fa-angle-double-down&#8221; align=&#8221;center&#8221; css_animation=&#8221;fadeInRight&#8221;]<div class=\"shortcode-wrapper shortcode-spacer clearfix\"><div class=\"spacer\" style=\"height:30px;\"><\/div><\/div>[vc_column_text css_animation=&#8221;fadeInRightBig&#8221;]\n<h3><strong>Botschaft des Gesch\u00e4ftsf\u00fchrers:<\/strong><\/h3>\n<p>&nbsp;<\/p>\n<p><strong>Die Marke Remo steht f\u00fcr die hochwertigen Polymerverbindungen, die mit den neuesten Pr\u00fcfger\u00e4ten hergestellt und getestet werden, um den EU- und US-Normen zu entsprechen<\/strong>[\/vc_column_text]<div class=\"shortcode-wrapper shortcode-spacer clearfix\"><div class=\"spacer\" style=\"height:5px;\"><\/div><\/div>[\/vc_column][\/vc_row][vc_row][vc_column][vc_icon icon_fontawesome=&#8221;fas fa-angle-double-down&#8221; align=&#8221;center&#8221; css_animation=&#8221;fadeInRight&#8221;][\/vc_column][\/vc_row][vc_row el_class=&#8221;hb-animate-element bottom-to-top&#8221;][vc_column width=&#8221;1\/2&#8243;]<div class=\"shortcode-wrapper shortcode-teaser\"><div class=\"hb-teaser-column\"><a href=\" https:\/\/remoplastic.co\/de\/goal\/\" target=\"_blank\"><img data-recalc-dims=\"1\" loading=\"lazy\" decoding=\"async\" src=\"https:\/\/i0.wp.com\/remoplastic.co\/wp-content\/uploads\/2022\/07\/about-us-low.jpg?resize=526%2C350&#038;ssl=1\" width=\"526\" height=\"350\" alt=\"\" \/><\/a><div class=\"teaser-content alignleft\"><a href=\" https:\/\/remoplastic.co\/de\/goal\/\" target=\"_blank\"><h6 class=\"special\">Unsere Ziele<\/h6><\/a>Gesch\u00e4ftskommunikation auf Win-Win-Ebene<a href=\" https:\/\/remoplastic.co\/de\/goal\/\" class=\"simple-read-more\" target=\"_blank\">WEITERLESEN<\/a><\/div><\/div><!-- END .hb-teaser-column --><\/div><div class=\"shortcode-wrapper shortcode-teaser\"><div class=\"hb-teaser-column\"><a href=\" https:\/\/remoplastic.co\/de\/laboratory\/\" target=\"_blank\"><img data-recalc-dims=\"1\" loading=\"lazy\" decoding=\"async\" src=\"https:\/\/i0.wp.com\/remoplastic.co\/wp-content\/uploads\/2022\/07\/Laboratory-low.jpg?resize=526%2C350&#038;ssl=1\" width=\"526\" height=\"350\" alt=\"\" \/><\/a><div class=\"teaser-content alignleft\"><a href=\" https:\/\/remoplastic.co\/de\/laboratory\/\" target=\"_blank\"><h6 class=\"special\">Labor:<\/h6><\/a>Ein offensichtlicher Puls in den Labor-, Forschungs- und Entwicklungsabteilungen.<a href=\" https:\/\/remoplastic.co\/de\/laboratory\/\" class=\"simple-read-more\" target=\"_blank\">WEITERLESEN<\/a><\/div><\/div><!-- END .hb-teaser-column --><\/div>[\/vc_column][vc_column width=&#8221;1\/2&#8243;]<div class=\"shortcode-wrapper shortcode-teaser\"><div class=\"hb-teaser-column\"><a href=\" https:\/\/remoplastic.co\/de\/we-offer-to-my-customer\/\" target=\"_blank\"><img data-recalc-dims=\"1\" loading=\"lazy\" decoding=\"async\" src=\"https:\/\/i0.wp.com\/remoplastic.co\/wp-content\/uploads\/2022\/07\/We-Offer-Our-Customers-low.jpg?resize=526%2C350&#038;ssl=1\" width=\"526\" height=\"350\" alt=\"\" \/><\/a><div class=\"teaser-content alignleft\"><a href=\" https:\/\/remoplastic.co\/de\/we-offer-to-my-customer\/\" target=\"_blank\"><h6 class=\"special\">Wir bieten unseren Kunden:<\/h6><\/a>Bedarfsermittlung und Kundenorientierung ist die beste Methode, um Wettbewerb und gesunde Gesch\u00e4ftsbeziehungen zu schaffen<a href=\" https:\/\/remoplastic.co\/de\/we-offer-to-my-customer\/\" class=\"simple-read-more\" target=\"_blank\">WEITERLESEN<\/a><\/div><\/div><!-- END .hb-teaser-column --><\/div><div class=\"shortcode-wrapper shortcode-teaser\"><div class=\"hb-teaser-column\"><a href=\" https:\/\/remoplastic.co\/de\/our-team\/\" target=\"_blank\"><img data-recalc-dims=\"1\" loading=\"lazy\" decoding=\"async\" src=\"https:\/\/i0.wp.com\/remoplastic.co\/wp-content\/uploads\/2022\/07\/our-team-low.jpg?resize=526%2C350&#038;ssl=1\" width=\"526\" height=\"350\" alt=\"\" \/><\/a><div class=\"teaser-content alignleft\"><a href=\" https:\/\/remoplastic.co\/de\/our-team\/\" target=\"_blank\"><h6 class=\"special\">Unser Tem:<\/h6><\/a>Erfolg wird nicht ohne ein kompetentes Team und Personal erreicht.<a href=\" https:\/\/remoplastic.co\/de\/our-team\/\" class=\"simple-read-more\" target=\"_blank\">WEITERLESEN<\/a><\/div><\/div><!-- END .hb-teaser-column --><\/div>[\/vc_column][\/vc_row][vc_row][vc_column]<div class=\"shortcode-wrapper shortcode-spacer clearfix\"><div class=\"spacer\" style=\"height:5px;\"><\/div><\/div>[\/vc_column][\/vc_row]\n<\/div>","protected":false},"excerpt":{"rendered":"<p>[vc_row css=&#8221;.vc_custom_1658770373062{margin-top: 60px !important;}&#8221;][vc_column][vc_icon icon_fontawesome=&#8221;fas fa-angle-double-down&#8221; align=&#8221;center&#8221; css_animation=&#8221;fadeInRight&#8221;][vc_column_text css_animation=&#8221;fadeInRightBig&#8221;] Botschaft des Gesch\u00e4ftsf\u00fchrers: &nbsp; Die Marke Remo steht f\u00fcr die hochwertigen [&hellip;]<\/p>\n","protected":false},"author":1,"featured_media":14101,"parent":0,"menu_order":0,"comment_status":"closed","ping_status":"closed","template":"","meta":{"nf_dc_page":"","footnotes":""},"class_list":["post-14440","page","type-page","status-publish","has-post-thumbnail","hentry"],"jetpack_sharing_enabled":true,"_links":{"self":[{"href":"https:\/\/remoplastic.co\/de\/wp-json\/wp\/v2\/pages\/14440","targetHints":{"allow":["GET"]}}],"collection":[{"href":"https:\/\/remoplastic.co\/de\/wp-json\/wp\/v2\/pages"}],"about":[{"href":"https:\/\/remoplastic.co\/de\/wp-json\/wp\/v2\/types\/page"}],"author":[{"embeddable":true,"href":"https:\/\/remoplastic.co\/de\/wp-json\/wp\/v2\/users\/1"}],"replies":[{"embeddable":true,"href":"https:\/\/remoplastic.co\/de\/wp-json\/wp\/v2\/comments?post=14440"}],"version-history":[{"count":4,"href":"https:\/\/remoplastic.co\/de\/wp-json\/wp\/v2\/pages\/14440\/revisions"}],"predecessor-version":[{"id":16245,"href":"https:\/\/remoplastic.co\/de\/wp-json\/wp\/v2\/pages\/14440\/revisions\/16245"}],"wp:featuredmedia":[{"embeddable":true,"href":"https:\/\/remoplastic.co\/de\/wp-json\/wp\/v2\/media\/14101"}],"wp:attachment":[{"href":"https:\/\/remoplastic.co\/de\/wp-json\/wp\/v2\/media?parent=14440"}],"curies":[{"name":"wp","href":"https:\/\/api.w.org\/{rel}","templated":true}]}}