{"id":16089,"date":"2022-07-31T15:18:09","date_gmt":"2022-07-31T15:18:09","guid":{"rendered":"https:\/\/remoplastic.co\/application\/"},"modified":"2022-09-29T08:16:42","modified_gmt":"2022-09-29T08:16:42","slug":"anwendung","status":"publish","type":"page","link":"https:\/\/remoplastic.co\/de\/anwendung\/","title":{"rendered":"Anwendung"},"content":{"rendered":"<div class=\"wpb-content-wrapper\">[vc_row][vc_column][vc_empty_space height=&#8221;50px&#8221;]<div class=\"shortcode-wrapper shortcode-icon-box clearfix\"><div class=\"feature-box aligncenter\"><div class=\"hb-icon-wrapper\"><i class=\"icon-th ic-holder-1\"><\/i><\/div><div class=\"feature-box-content\"><div class=\"hb-small-break\"><\/div><p><\/p><\/div><\/div><\/div>[vc_empty_space height=&#8221;50px&#8221;][vc_column_text css_animation=&#8221;fadeInRight&#8221;]\n<h2>Um die Bed\u00fcrfnisse jeder Branche zu erf\u00fcllen, von der Automobilindustrie \u00fcber den Sport, die Elektro- und Elektronikindustrie, die Verteidigungsindustrie, die Bau- und Verpackungsindustrie usw., konnte Remo einen wesentlichen Beitrag zur Lieferung von Qualit\u00e4tsrohstoffen leisten, um optimale Produkte zu erzielen. Die Industrie hilft. Branchen helfen.<\/h2>\n[\/vc_column_text][vc_empty_space height=&#8221;50px&#8221;]<div class=\"shortcode-wrapper shortcode-blog-boxes hb-animate-element hb-left-to-right\"><div class=\"row\"><div class=\"col-4\"><div class=\"hb-blog-box\"><div class=\"hb-blog-box-header\"><a href=\"https:\/\/remoplastic.co\/de\/automotive\/\"><img data-recalc-dims=\"1\" loading=\"lazy\" decoding=\"async\" width=\"600\" height=\"400\" src=\"https:\/\/i0.wp.com\/remoplastic.co\/wp-content\/uploads\/2022\/07\/Atomutive.jpg?resize=600%2C400&#038;ssl=1\" alt=\"\"><\/a><\/div><div class=\"hb-blog-box-content\"><div class=\"hb-blog-box-title\"><h3><a href=\"https:\/\/remoplastic.co\/de\/automotive\/\">Automobilindustrie<\/a><\/h3><\/div><div class=\"hb-blog-box-excerpt\"><p>Sind Sie sich der Bedeutung der Verwendung von Polymeren in Autos bewusst?<\/p><\/div><\/div><div class=\"hb-blog-box-footer clearfix without-date\"><span class=\"hb-blog-box-date\">31. Juli 2022<\/span><span class=\"hb-blog-box-read-more\"><a href=\"https:\/\/remoplastic.co\/de\/automotive\/\" class=\"hb-special-read-more\">Read More<span><i class=\"hb-moon-arrow-right-5\"><\/i><\/span><\/a><\/span><\/div><\/div><\/div><div class=\"col-4\"><div class=\"hb-blog-box\"><div class=\"hb-blog-box-header\"><a href=\"https:\/\/remoplastic.co\/de\/daily-life\/\"><img data-recalc-dims=\"1\" loading=\"lazy\" decoding=\"async\" width=\"600\" height=\"400\" src=\"https:\/\/i0.wp.com\/remoplastic.co\/wp-content\/uploads\/2022\/08\/daily-life-low.jpg?resize=600%2C400&#038;ssl=1\" alt=\"\"><\/a><\/div><div class=\"hb-blog-box-content\"><div class=\"hb-blog-box-title\"><h3><a href=\"https:\/\/remoplastic.co\/de\/daily-life\/\">T\u00e4glicher Gebrauch<\/a><\/h3><\/div><div class=\"hb-blog-box-excerpt\"><p>Gibt es jemanden, der sich der Bedeutung der Verwendung von Polymeren im t\u00e4glichen Leben nicht bewusst ist?<\/p><\/div><\/div><div class=\"hb-blog-box-footer clearfix without-date\"><span class=\"hb-blog-box-date\">1. August 2022<\/span><span class=\"hb-blog-box-read-more\"><a href=\"https:\/\/remoplastic.co\/de\/daily-life\/\" class=\"hb-special-read-more\">Read More<span><i class=\"hb-moon-arrow-right-5\"><\/i><\/span><\/a><\/span><\/div><\/div><\/div><div class=\"col-4\"><div class=\"hb-blog-box\"><div class=\"hb-blog-box-header\"><a href=\"https:\/\/remoplastic.co\/de\/defence\/\"><img data-recalc-dims=\"1\" loading=\"lazy\" decoding=\"async\" width=\"600\" height=\"400\" src=\"https:\/\/i0.wp.com\/remoplastic.co\/wp-content\/uploads\/2022\/08\/defnce-low.jpg?resize=600%2C400&#038;ssl=1\" alt=\"\"><\/a><\/div><div class=\"hb-blog-box-content\"><div class=\"hb-blog-box-title\"><h3><a href=\"https:\/\/remoplastic.co\/de\/defence\/\">Verteidigung<\/a><\/h3><\/div><div class=\"hb-blog-box-excerpt\"><p>Raumfahrtindustrie und Polymere<\/p><\/div><\/div><div class=\"hb-blog-box-footer clearfix without-date\"><span class=\"hb-blog-box-date\">1. August 2022<\/span><span class=\"hb-blog-box-read-more\"><a href=\"https:\/\/remoplastic.co\/de\/defence\/\" class=\"hb-special-read-more\">Read More<span><i class=\"hb-moon-arrow-right-5\"><\/i><\/span><\/a><\/span><\/div><\/div><\/div><\/div><div class=\"row\"><div class=\"col-4\"><div class=\"hb-blog-box\"><div class=\"hb-blog-box-header\"><a href=\"https:\/\/remoplastic.co\/de\/extrusion\/\"><img data-recalc-dims=\"1\" loading=\"lazy\" decoding=\"async\" width=\"600\" height=\"400\" src=\"https:\/\/i0.wp.com\/remoplastic.co\/wp-content\/uploads\/2022\/08\/Extrusion-low.jpg?resize=600%2C400&#038;ssl=1\" alt=\"\"><\/a><\/div><div class=\"hb-blog-box-content\"><div class=\"hb-blog-box-title\"><h3><a href=\"https:\/\/remoplastic.co\/de\/extrusion\/\">Extrusion<\/a><\/h3><\/div><div class=\"hb-blog-box-excerpt\"><p>Die Bedeutung der Verwendung von Extrusion zusammen mit Spritzguss<\/p><\/div><\/div><div class=\"hb-blog-box-footer clearfix without-date\"><span class=\"hb-blog-box-date\">2. August 2022<\/span><span class=\"hb-blog-box-read-more\"><a href=\"https:\/\/remoplastic.co\/de\/extrusion\/\" class=\"hb-special-read-more\">Read More<span><i class=\"hb-moon-arrow-right-5\"><\/i><\/span><\/a><\/span><\/div><\/div><\/div><div class=\"col-4\"><div class=\"hb-blog-box\"><div class=\"hb-blog-box-header\"><a href=\"https:\/\/remoplastic.co\/de\/ee\/\"><img data-recalc-dims=\"1\" loading=\"lazy\" decoding=\"async\" width=\"600\" height=\"400\" src=\"https:\/\/i0.wp.com\/remoplastic.co\/wp-content\/uploads\/2022\/08\/ee-low.jpg?resize=600%2C400&#038;ssl=1\" alt=\"\"><\/a><\/div><div class=\"hb-blog-box-content\"><div class=\"hb-blog-box-title\"><h3><a href=\"https:\/\/remoplastic.co\/de\/ee\/\">E&amp;E<\/a><\/h3><\/div><div class=\"hb-blog-box-excerpt\"><p>Eine der modernen Anwendungen von Polymerwerkstoffen ist deren Einsatz in der Elektroindustrie.<\/p><\/div><\/div><div class=\"hb-blog-box-footer clearfix without-date\"><span class=\"hb-blog-box-date\">2. August 2022<\/span><span class=\"hb-blog-box-read-more\"><a href=\"https:\/\/remoplastic.co\/de\/ee\/\" class=\"hb-special-read-more\">Read More<span><i class=\"hb-moon-arrow-right-5\"><\/i><\/span><\/a><\/span><\/div><\/div><\/div><div class=\"col-4\"><div class=\"hb-blog-box\"><div class=\"hb-blog-box-header\"><a href=\"https:\/\/remoplastic.co\/de\/industrial\/\"><img data-recalc-dims=\"1\" loading=\"lazy\" decoding=\"async\" width=\"600\" height=\"400\" src=\"https:\/\/i0.wp.com\/remoplastic.co\/wp-content\/uploads\/2022\/08\/Industrial-low-1.jpg?resize=600%2C400&#038;ssl=1\" alt=\"\"><\/a><\/div><div class=\"hb-blog-box-content\"><div class=\"hb-blog-box-title\"><h3><a href=\"https:\/\/remoplastic.co\/de\/industrial\/\">Industriell<\/a><\/h3><\/div><div class=\"hb-blog-box-excerpt\"><p>Die zunehmende Bedeutung und Verwendung von Polymeren in verschiedenen Branchen<\/p><\/div><\/div><div class=\"hb-blog-box-footer clearfix without-date\"><span class=\"hb-blog-box-date\">2. August 2022<\/span><span class=\"hb-blog-box-read-more\"><a href=\"https:\/\/remoplastic.co\/de\/industrial\/\" class=\"hb-special-read-more\">Read More<span><i class=\"hb-moon-arrow-right-5\"><\/i><\/span><\/a><\/span><\/div><\/div><\/div><\/div><div class=\"row\"><div class=\"col-4\"><div class=\"hb-blog-box\"><div class=\"hb-blog-box-header\"><a href=\"https:\/\/remoplastic.co\/de\/packaging\/\"><img data-recalc-dims=\"1\" loading=\"lazy\" decoding=\"async\" width=\"600\" height=\"400\" src=\"https:\/\/i0.wp.com\/remoplastic.co\/wp-content\/uploads\/2022\/08\/Packaging-2low.jpg?resize=600%2C400&#038;ssl=1\" alt=\"\"><\/a><\/div><div class=\"hb-blog-box-content\"><div class=\"hb-blog-box-title\"><h3><a href=\"https:\/\/remoplastic.co\/de\/packaging\/\">Verpackung<\/a><\/h3><\/div><div class=\"hb-blog-box-excerpt\"><p>Der wichtigste Teil der Lebensmittelindustrie sind ihre Verpackungen.<\/p><\/div><\/div><div class=\"hb-blog-box-footer clearfix without-date\"><span class=\"hb-blog-box-date\">2. August 2022<\/span><span class=\"hb-blog-box-read-more\"><a href=\"https:\/\/remoplastic.co\/de\/packaging\/\" class=\"hb-special-read-more\">Read More<span><i class=\"hb-moon-arrow-right-5\"><\/i><\/span><\/a><\/span><\/div><\/div><\/div><div class=\"col-4\"><div class=\"hb-blog-box\"><div class=\"hb-blog-box-header\"><a href=\"https:\/\/remoplastic.co\/de\/structural\/\"><img data-recalc-dims=\"1\" loading=\"lazy\" decoding=\"async\" width=\"600\" height=\"400\" src=\"https:\/\/i0.wp.com\/remoplastic.co\/wp-content\/uploads\/2022\/08\/Structural-low.jpg?resize=600%2C400&#038;ssl=1\" alt=\"\"><\/a><\/div><div class=\"hb-blog-box-content\"><div class=\"hb-blog-box-title\"><h3><a href=\"https:\/\/remoplastic.co\/de\/structural\/\">Strukturell<\/a><\/h3><\/div><div class=\"hb-blog-box-excerpt\"><p>Entwicklung neuer Strukturen mit Polymerverbindungen<\/p><\/div><\/div><div class=\"hb-blog-box-footer clearfix without-date\"><span class=\"hb-blog-box-date\">2. August 2022<\/span><span class=\"hb-blog-box-read-more\"><a href=\"https:\/\/remoplastic.co\/de\/structural\/\" class=\"hb-special-read-more\">Read More<span><i class=\"hb-moon-arrow-right-5\"><\/i><\/span><\/a><\/span><\/div><\/div><\/div><div class=\"col-4\"><div class=\"hb-blog-box\"><div class=\"hb-blog-box-header\"><a href=\"https:\/\/remoplastic.co\/de\/metal-replacement\/\"><img data-recalc-dims=\"1\" loading=\"lazy\" decoding=\"async\" width=\"600\" height=\"400\" src=\"https:\/\/i0.wp.com\/remoplastic.co\/wp-content\/uploads\/2022\/08\/metal-replacment-low.jpg?resize=600%2C400&#038;ssl=1\" alt=\"\"><\/a><\/div><div class=\"hb-blog-box-content\"><div class=\"hb-blog-box-title\"><h3><a href=\"https:\/\/remoplastic.co\/de\/metal-replacement\/\">Metallersatz<\/a><\/h3><\/div><div class=\"hb-blog-box-excerpt\"><p>Der Zweck der Verwendung von Thermoplasten anstelle von Metallen<\/p><\/div><\/div><div class=\"hb-blog-box-footer clearfix without-date\"><span class=\"hb-blog-box-date\">22. August 2022<\/span><span class=\"hb-blog-box-read-more\"><a href=\"https:\/\/remoplastic.co\/de\/metal-replacement\/\" class=\"hb-special-read-more\">Read More<span><i class=\"hb-moon-arrow-right-5\"><\/i><\/span><\/a><\/span><\/div><\/div><\/div><\/div><\/div>[\/vc_column][\/vc_row]\n<\/div>","protected":false},"excerpt":{"rendered":"<p>[vc_row][vc_column][vc_empty_space height=&#8221;50px&#8221;][vc_empty_space height=&#8221;50px&#8221;][vc_column_text css_animation=&#8221;fadeInRight&#8221;] Um die Bed\u00fcrfnisse jeder Branche zu erf\u00fcllen, von der Automobilindustrie \u00fcber den Sport, die Elektro- und [&hellip;]<\/p>\n","protected":false},"author":1,"featured_media":14294,"parent":0,"menu_order":0,"comment_status":"closed","ping_status":"closed","template":"","meta":{"nf_dc_page":"","footnotes":""},"class_list":["post-16089","page","type-page","status-publish","has-post-thumbnail","hentry"],"jetpack_sharing_enabled":true,"_links":{"self":[{"href":"https:\/\/remoplastic.co\/de\/wp-json\/wp\/v2\/pages\/16089","targetHints":{"allow":["GET"]}}],"collection":[{"href":"https:\/\/remoplastic.co\/de\/wp-json\/wp\/v2\/pages"}],"about":[{"href":"https:\/\/remoplastic.co\/de\/wp-json\/wp\/v2\/types\/page"}],"author":[{"embeddable":true,"href":"https:\/\/remoplastic.co\/de\/wp-json\/wp\/v2\/users\/1"}],"replies":[{"embeddable":true,"href":"https:\/\/remoplastic.co\/de\/wp-json\/wp\/v2\/comments?post=16089"}],"version-history":[{"count":3,"href":"https:\/\/remoplastic.co\/de\/wp-json\/wp\/v2\/pages\/16089\/revisions"}],"predecessor-version":[{"id":16092,"href":"https:\/\/remoplastic.co\/de\/wp-json\/wp\/v2\/pages\/16089\/revisions\/16092"}],"wp:featuredmedia":[{"embeddable":true,"href":"https:\/\/remoplastic.co\/de\/wp-json\/wp\/v2\/media\/14294"}],"wp:attachment":[{"href":"https:\/\/remoplastic.co\/de\/wp-json\/wp\/v2\/media?parent=16089"}],"curies":[{"name":"wp","href":"https:\/\/api.w.org\/{rel}","templated":true}]}}