{"id":16205,"date":"2022-09-17T07:20:49","date_gmt":"2022-09-17T07:20:49","guid":{"rendered":"https:\/\/remoplastic.co\/we-offer-to-my-customer\/"},"modified":"2022-09-22T04:31:45","modified_gmt":"2022-09-22T04:31:45","slug":"we-offer-to-my-customer","status":"publish","type":"page","link":"https:\/\/remoplastic.co\/de\/we-offer-to-my-customer\/","title":{"rendered":"UNSERE Vision"},"content":{"rendered":"<div class=\"wpb-content-wrapper\">[vc_row][vc_column][vc_empty_space][vc_empty_space][vc_empty_space][vc_column_text css_animation=&#8220;fadeInRight&#8220;]\n<p style=\"text-align: left;\"><strong>Vision:<\/strong><\/p>\n<p>&nbsp;<\/p>\n<p style=\"text-align: left;\">Bereitstellung des besten Service f\u00fcr unsere Kunden, indem wir st\u00e4ndig mit den Kunden in Kontakt stehen und 24\/7 zur Fehlerbehebung auf Abruf stehen.<\/p>\n<p style=\"text-align: left;\"><strong>Sendung:<\/strong><\/p>\n<p>&nbsp;<\/p>\n<p style=\"text-align: left;\">Herstellung von Polymeren und Compounds bester Qualit\u00e4t mit High-Tech-Produktionssystemen in einer sicheren und gl\u00fccklichen Arbeitsumgebung.<\/p>\n<p style=\"text-align: left;\"><strong>Verantwortlichkeit:<\/strong><\/p>\n<p>&nbsp;<\/p>\n<p style=\"text-align: left;\">Wir sind klug und erfahren, \u00fcbernehmen aber die Verantwortung f\u00fcr Fehler oder \u00c4nderungen, die in unserem Prozess erforderlich sind. Durch kontinuierliche Verbesserung und Verantwortlichkeit sind wir st\u00e4ndig bestrebt, uns jeden Tag weiterzuentwickeln. Through continuous improvement and accountability, we are constantly striving to advance each day.<\/p>\n<p style=\"text-align: left;\">\n[\/vc_column_text][\/vc_column][\/vc_row]\n<\/div>","protected":false},"excerpt":{"rendered":"<p>[vc_row][vc_column][vc_empty_space][vc_empty_space][vc_empty_space][vc_column_text css_animation=&#8220;fadeInRight&#8220;] Vision: &nbsp; Bereitstellung des besten Service f\u00fcr unsere Kunden, indem wir st\u00e4ndig mit den Kunden in Kontakt stehen [&hellip;]<\/p>\n","protected":false},"author":1,"featured_media":14104,"parent":0,"menu_order":0,"comment_status":"closed","ping_status":"closed","template":"","meta":{"footnotes":""},"class_list":["post-16205","page","type-page","status-publish","has-post-thumbnail","hentry"],"jetpack_sharing_enabled":true,"_links":{"self":[{"href":"https:\/\/remoplastic.co\/de\/wp-json\/wp\/v2\/pages\/16205","targetHints":{"allow":["GET"]}}],"collection":[{"href":"https:\/\/remoplastic.co\/de\/wp-json\/wp\/v2\/pages"}],"about":[{"href":"https:\/\/remoplastic.co\/de\/wp-json\/wp\/v2\/types\/page"}],"author":[{"embeddable":true,"href":"https:\/\/remoplastic.co\/de\/wp-json\/wp\/v2\/users\/1"}],"replies":[{"embeddable":true,"href":"https:\/\/remoplastic.co\/de\/wp-json\/wp\/v2\/comments?post=16205"}],"version-history":[{"count":4,"href":"https:\/\/remoplastic.co\/de\/wp-json\/wp\/v2\/pages\/16205\/revisions"}],"predecessor-version":[{"id":16209,"href":"https:\/\/remoplastic.co\/de\/wp-json\/wp\/v2\/pages\/16205\/revisions\/16209"}],"wp:featuredmedia":[{"embeddable":true,"href":"https:\/\/remoplastic.co\/de\/wp-json\/wp\/v2\/media\/14104"}],"wp:attachment":[{"href":"https:\/\/remoplastic.co\/de\/wp-json\/wp\/v2\/media?parent=16205"}],"curies":[{"name":"wp","href":"https:\/\/api.w.org\/{rel}","templated":true}]}}