{"id":16210,"date":"2022-09-17T07:14:17","date_gmt":"2022-09-17T07:14:17","guid":{"rendered":"https:\/\/remoplastic.co\/laboratory\/"},"modified":"2022-09-22T04:36:20","modified_gmt":"2022-09-22T04:36:20","slug":"laboratory","status":"publish","type":"page","link":"https:\/\/remoplastic.co\/de\/laboratory\/","title":{"rendered":"Labor"},"content":{"rendered":"<div class=\"wpb-content-wrapper\">[vc_row][vc_column width=&#8221;1\/6&#8243;][\/vc_column][vc_column width=&#8221;2\/3&#8243;][vc_empty_space][vc_empty_space][vc_empty_space][vc_column_text css_animation=&#8221;fadeInRightBig&#8221;]<span style=\"color: #3366ff;\">ReMo<\/span>, durch die Bereitstellung einer breiten Palette von Materialpr\u00fcfger\u00e4ten, kann Remo eines der Unternehmen sein, die Dienstleistungen f\u00fcr seine Kunden anbieten. Das Personal des <span style=\"color: #3366ff;\">ReMo<\/span>-Labors, das \u00fcber eine hohe wissenschaftliche Erfahrung im Labor- und Produktionsumfeld verf\u00fcgt, hat bei der Auswahl der richtigen Materialien geholfen.<\/p>\n<p>Das Labor verf\u00fcgt \u00fcber F\u00e4higkeiten in den \u00fcblichen Methoden der Pr\u00fcfung von Materialien, einschlie\u00dflich Hygrometrie, Aschegehalt, MFI, Zugpr\u00fcfung, Schlagz\u00e4higkeit, H\u00e4rte und Viskosit\u00e4tsbestimmung.<\/p>\n<p>Neben der Grundausstattung f\u00fcr die Pr\u00fcfung von Polymerwerkstoffen zielt das Labor darauf ab, Standardger\u00e4te mit hoher Kalibrierung und up-to-date in der Welt wie FTIR-DSC-TGA.<\/p>\n<p>Ein wichtiger Punkt in diesem Bereich ist die Bereitstellung einer geeigneten Bildungsplattform f\u00fcr die Entwicklung von Spezialisten in einer vollst\u00e4ndig spezialisierten und intimen Umgebung, die <span style=\"color: #3366ff;\">ReMo<\/span>\u00a0glaubt.[\/vc_column_text][\/vc_column][vc_column width=&#8221;1\/6&#8243;][\/vc_column][\/vc_row]\n<\/div>","protected":false},"excerpt":{"rendered":"<p>[vc_row][vc_column width=&#8221;1\/6&#8243;][\/vc_column][vc_column width=&#8221;2\/3&#8243;][vc_empty_space][vc_empty_space][vc_empty_space][vc_column_text css_animation=&#8221;fadeInRightBig&#8221;]ReMo, durch die Bereitstellung einer breiten Palette von Materialpr\u00fcfger\u00e4ten, kann Remo eines der Unternehmen sein, die Dienstleistungen [&hellip;]<\/p>\n","protected":false},"author":1,"featured_media":14649,"parent":0,"menu_order":0,"comment_status":"closed","ping_status":"closed","template":"","meta":{"nf_dc_page":"","footnotes":""},"class_list":["post-16210","page","type-page","status-publish","has-post-thumbnail","hentry"],"jetpack_sharing_enabled":true,"_links":{"self":[{"href":"https:\/\/remoplastic.co\/de\/wp-json\/wp\/v2\/pages\/16210","targetHints":{"allow":["GET"]}}],"collection":[{"href":"https:\/\/remoplastic.co\/de\/wp-json\/wp\/v2\/pages"}],"about":[{"href":"https:\/\/remoplastic.co\/de\/wp-json\/wp\/v2\/types\/page"}],"author":[{"embeddable":true,"href":"https:\/\/remoplastic.co\/de\/wp-json\/wp\/v2\/users\/1"}],"replies":[{"embeddable":true,"href":"https:\/\/remoplastic.co\/de\/wp-json\/wp\/v2\/comments?post=16210"}],"version-history":[{"count":4,"href":"https:\/\/remoplastic.co\/de\/wp-json\/wp\/v2\/pages\/16210\/revisions"}],"predecessor-version":[{"id":16214,"href":"https:\/\/remoplastic.co\/de\/wp-json\/wp\/v2\/pages\/16210\/revisions\/16214"}],"wp:featuredmedia":[{"embeddable":true,"href":"https:\/\/remoplastic.co\/de\/wp-json\/wp\/v2\/media\/14649"}],"wp:attachment":[{"href":"https:\/\/remoplastic.co\/de\/wp-json\/wp\/v2\/media?parent=16210"}],"curies":[{"name":"wp","href":"https:\/\/api.w.org\/{rel}","templated":true}]}}