{"id":16215,"date":"2022-09-17T07:27:48","date_gmt":"2022-09-17T07:27:48","guid":{"rendered":"https:\/\/remoplastic.co\/our-team\/"},"modified":"2022-09-22T04:44:04","modified_gmt":"2022-09-22T04:44:04","slug":"our-team","status":"publish","type":"page","link":"https:\/\/remoplastic.co\/de\/our-team\/","title":{"rendered":"Unser Team"},"content":{"rendered":"<div class=\"wpb-content-wrapper\">[vc_row][vc_column][vc_empty_space][vc_empty_space][vc_empty_space][vc_column_text css_animation=&#8221;fadeInRightBig&#8221;]<strong>Verantwortlichkeit:<\/strong><\/p>\n<p>Wir sind klug und erfahren, \u00fcbernehmen aber die Verantwortung f\u00fcr Fehler oder \u00c4nderungen, die in unserem Prozess erforderlich sind. Durch kontinuierliche Verbesserung und Verantwortlichkeit sind wir st\u00e4ndig bestrebt, uns jeden Tag weiterzuentwickeln.<\/p>\n<p><strong>Gemeinschaftsarbeit:<\/strong><\/p>\n<p>Intern arbeiten wir immer zusammen, um unsere gemeinsamen Ziele zu erreichen. Diese Partnerschaft erstreckt sich \u00fcber unsere Unternehmensmauern hinaus und beinhaltet, dass unsere Kunden Teil unseres Teams werden. Wir sind bestrebt, jede Gesch\u00e4ftsbeziehung als Win-Win-Beziehung zu strukturieren.<\/p>\n<p><strong>Ethisch &amp; Moralisch:<\/strong><\/p>\n<p>Wir arbeiten in einem ethischen und moralischen Gesch\u00e4ftsumfeld. Unsere Ethik umfasst Vielfalt, Respekt und H\u00f6flichkeit. Zu unseren Moralvorstellungen geh\u00f6rt es, integer zu handeln, andere fair zu behandeln und unserem Kundenstamm treu zu bleiben<\/p>\n<p><strong>Eintr\u00e4glich:<\/strong><\/p>\n<p>Unsere L\u00f6sungen sind so konzipiert, dass sie sowohl f\u00fcr uns als auch f\u00fcr unsere Kunden profitabel sind. Indem wir uns auf unsere Grundwerte konzentrieren, schaffen wir ein Umfeld, in dem beide Parteien lukrative Ergebnisse erzielen k\u00f6nnen. Kollaborative Teamarbeit f\u00fchrt zu einer h\u00f6heren Rentabilit\u00e4t.<\/p>\n<p><strong>Vertrauensw\u00fcrdig:<\/strong><\/p>\n<p>Ein gro\u00dfer Teil unserer Gesch\u00e4ftsbeziehungen ist technologiebasiert. Wir sind ein vertrauensw\u00fcrdiger Partner und k\u00f6nnen beauftragt werden, Ihre Informationen vertraulich zu behandeln.[\/vc_column_text][\/vc_column][\/vc_row]\n<\/div>","protected":false},"excerpt":{"rendered":"<p>[vc_row][vc_column][vc_empty_space][vc_empty_space][vc_empty_space][vc_column_text css_animation=&#8221;fadeInRightBig&#8221;]Verantwortlichkeit: Wir sind klug und erfahren, \u00fcbernehmen aber die Verantwortung f\u00fcr Fehler oder \u00c4nderungen, die in unserem Prozess erforderlich [&hellip;]<\/p>\n","protected":false},"author":1,"featured_media":14102,"parent":0,"menu_order":0,"comment_status":"closed","ping_status":"closed","template":"","meta":{"nf_dc_page":"","footnotes":""},"class_list":["post-16215","page","type-page","status-publish","has-post-thumbnail","hentry"],"jetpack_sharing_enabled":true,"_links":{"self":[{"href":"https:\/\/remoplastic.co\/de\/wp-json\/wp\/v2\/pages\/16215","targetHints":{"allow":["GET"]}}],"collection":[{"href":"https:\/\/remoplastic.co\/de\/wp-json\/wp\/v2\/pages"}],"about":[{"href":"https:\/\/remoplastic.co\/de\/wp-json\/wp\/v2\/types\/page"}],"author":[{"embeddable":true,"href":"https:\/\/remoplastic.co\/de\/wp-json\/wp\/v2\/users\/1"}],"replies":[{"embeddable":true,"href":"https:\/\/remoplastic.co\/de\/wp-json\/wp\/v2\/comments?post=16215"}],"version-history":[{"count":4,"href":"https:\/\/remoplastic.co\/de\/wp-json\/wp\/v2\/pages\/16215\/revisions"}],"predecessor-version":[{"id":16219,"href":"https:\/\/remoplastic.co\/de\/wp-json\/wp\/v2\/pages\/16215\/revisions\/16219"}],"wp:featuredmedia":[{"embeddable":true,"href":"https:\/\/remoplastic.co\/de\/wp-json\/wp\/v2\/media\/14102"}],"wp:attachment":[{"href":"https:\/\/remoplastic.co\/de\/wp-json\/wp\/v2\/media?parent=16215"}],"curies":[{"name":"wp","href":"https:\/\/api.w.org\/{rel}","templated":true}]}}