{"id":16222,"date":"2022-07-23T09:48:54","date_gmt":"2022-07-23T09:48:54","guid":{"rendered":"https:\/\/remoplastic.co\/homepage-remo\/"},"modified":"2022-10-28T19:22:04","modified_gmt":"2022-10-28T19:22:04","slug":"homepage-remo","status":"publish","type":"page","link":"https:\/\/remoplastic.co\/de\/","title":{"rendered":"home"},"content":{"rendered":"<div class=\"wpb-content-wrapper\">[vc_row fullwidth=&#8221;yes&#8221; css=&#8221;.vc_custom_1662362459273{margin-bottom: 0px !important;}&#8221;][vc_column]\n\t\t\t<!-- START Slider 1 de REVOLUTION SLIDER 6.7.25 --><p class=\"rs-p-wp-fix\"><\/p>\n\t\t\t<rs-module-wrap id=\"rev_slider_11_1_wrapper\" data-source=\"gallery\" style=\"visibility:hidden;background:transparent;padding:0;margin:0px auto;margin-top:0;margin-bottom:0;\">\n\t\t\t\t<rs-module id=\"rev_slider_11_1\" style=\"\" data-version=\"6.7.25\">\n\t\t\t\t\t<rs-slides style=\"overflow: hidden; position: absolute;\">\n\t\t\t\t\t\t<rs-slide style=\"position: absolute;\" data-key=\"rs-32\" data-title=\"Slide\" data-ssop=\"true\" data-anim=\"adpr:false;\" data-in=\"o:0;\" data-out=\"a:false;\">\n\t\t\t\t\t\t\t<img data-recalc-dims=\"1\" decoding=\"async\" src=\"https:\/\/i0.wp.com\/remoplastic.co\/wp-content\/plugins\/revslider\/sr6\/assets\/assets\/dummy.png\" alt=\"Slide\" title=\"home\" class=\"rev-slidebg tp-rs-img rs-lazyload\" data-lazyload=\"\/\/remoplastic.co\/wp-content\/plugins\/revslider\/sr6\/assets\/assets\/transparent.png\" data-no-retina>\n<!--\n\t\t\t\t\t\t\t--><rs-layer\n\t\t\t\t\t\t\t\tid=\"slider-11-slide-32-layer-0\" \n\t\t\t\t\t\t\t\tdata-type=\"image\"\n\t\t\t\t\t\t\t\tdata-rsp_ch=\"on\"\n\t\t\t\t\t\t\t\tdata-xy=\"x:c;y:c;\"\n\t\t\t\t\t\t\t\tdata-text=\"w:normal;\"\n\t\t\t\t\t\t\t\tdata-dim=\"w:2560px;h:985px;\"\n\t\t\t\t\t\t\t\tdata-frame_999=\"o:0;st:w;\"\n\t\t\t\t\t\t\t\tdata-frame_hover=\"e:power0.in;iC:true;\"\n\t\t\t\t\t\t\t\tstyle=\"z-index:8;cursor:pointer;\"\n\t\t\t\t\t\t\t><img data-recalc-dims=\"1\" decoding=\"async\" src=\"https:\/\/i0.wp.com\/remoplastic.co\/wp-content\/plugins\/revslider\/sr6\/assets\/assets\/dummy.png?resize=1744%2C671\" alt=\"\" class=\"tp-rs-img rs-lazyload\" width=\"1744\" height=\"671\" data-lazyload=\"\/\/i0.wp.com\/remoplastic.co\/wp-content\/uploads\/2022\/07\/remocopy.jpg?fit=1744%2C671&ssl=1\" data-no-retina> \n\t\t\t\t\t\t\t<\/rs-layer><!--\n\n\t\t\t\t\t\t\t--><rs-layer\n\t\t\t\t\t\t\t\tid=\"slider-11-slide-32-layer-7\" \n\t\t\t\t\t\t\t\tdata-type=\"text\"\n\t\t\t\t\t\t\t\tdata-color=\"#ffffff\"\n\t\t\t\t\t\t\t\tdata-rsp_ch=\"on\"\n\t\t\t\t\t\t\t\tdata-xy=\"x:46px;y:250px;\"\n\t\t\t\t\t\t\t\tdata-text=\"w:normal;s:20;l:35;\"\n\t\t\t\t\t\t\t\tdata-dim=\"w:365px;h:183px;\"\n\t\t\t\t\t\t\t\tdata-frame_0=\"y:200%;sX:2;sY:2;o:1;rX:-20deg;rY:-20deg;\"\n\t\t\t\t\t\t\t\tdata-frame_1=\"x:167px;y:-11px;e:power3.out;sp:1000;\"\n\t\t\t\t\t\t\t\tdata-frame_999=\"o:0;st:w;\"\n\t\t\t\t\t\t\t\tstyle=\"z-index:10;font-family:'Roboto';\"\n\t\t\t\t\t\t\t><i class=\"fa-th\"><\/i>  Die Marke ReMo repr\u00e4sentiert die hochwertigen Polymerverbindungen, die mit den neuesten Testinstrumenten hergestellt und verkostet werden, um den EU- und US-Standards zu entsprechen. \n\t\t\t\t\t\t\t<\/rs-layer><!--\n\n\t\t\t\t\t\t\t--><rs-layer\n\t\t\t\t\t\t\t\tid=\"slider-11-slide-32-layer-8\" \n\t\t\t\t\t\t\t\tdata-type=\"shape\"\n\t\t\t\t\t\t\t\tdata-rsp_ch=\"on\"\n\t\t\t\t\t\t\t\tdata-xy=\"x:17px;y:80px;\"\n\t\t\t\t\t\t\t\tdata-text=\"w:normal;\"\n\t\t\t\t\t\t\t\tdata-dim=\"w:440px;h:353px;\"\n\t\t\t\t\t\t\t\tdata-frame_1=\"x:157px;\"\n\t\t\t\t\t\t\t\tdata-frame_999=\"o:0;st:w;\"\n\t\t\t\t\t\t\t\tstyle=\"z-index:9;background-color:rgba(0,0,0,0.5);\"\n\t\t\t\t\t\t\t> \n\t\t\t\t\t\t\t<\/rs-layer><!--\n\n\t\t\t\t\t\t\t--><rs-layer\n\t\t\t\t\t\t\t\tid=\"slider-11-slide-32-layer-9\" \n\t\t\t\t\t\t\t\tdata-type=\"image\"\n\t\t\t\t\t\t\t\tdata-rsp_ch=\"on\"\n\t\t\t\t\t\t\t\tdata-xy=\"x:45px;y:89px;\"\n\t\t\t\t\t\t\t\tdata-text=\"w:normal;\"\n\t\t\t\t\t\t\t\tdata-dim=\"w:340px;h:135px;\"\n\t\t\t\t\t\t\t\tdata-frame_0=\"y:bottom;sX:2;sY:2;rZ:70deg;\"\n\t\t\t\t\t\t\t\tdata-frame_1=\"x:153px;sp:1000;\"\n\t\t\t\t\t\t\t\tdata-frame_999=\"o:0;st:w;\"\n\t\t\t\t\t\t\t\tstyle=\"z-index:11;\"\n\t\t\t\t\t\t\t><img data-recalc-dims=\"1\" decoding=\"async\" src=\"https:\/\/i0.wp.com\/remoplastic.co\/wp-content\/plugins\/revslider\/sr6\/assets\/assets\/dummy.png?resize=955%2C380\" alt=\"\" class=\"tp-rs-img rs-lazyload\" width=\"955\" height=\"380\" data-lazyload=\"\/\/remoplastic.co\/wp-content\/uploads\/2022\/07\/Remo.png\" data-no-retina> \n\t\t\t\t\t\t\t<\/rs-layer><!--\n-->\t\t\t\t\t<\/rs-slide>\n\t\t\t\t\t\t<rs-slide style=\"position: absolute;\" data-key=\"rs-33\" data-title=\"Slide\" data-anim=\"adpr:false;\" data-in=\"o:0;\" data-out=\"a:false;\">\n\t\t\t\t\t\t\t<img data-recalc-dims=\"1\" decoding=\"async\" src=\"https:\/\/i0.wp.com\/remoplastic.co\/wp-content\/plugins\/revslider\/sr6\/assets\/assets\/dummy.png\" alt=\"Slide\" title=\"home\" class=\"rev-slidebg tp-rs-img rs-lazyload\" data-lazyload=\"\/\/remoplastic.co\/wp-content\/plugins\/revslider\/sr6\/assets\/assets\/transparent.png\" data-no-retina>\n<!--\n\t\t\t\t\t\t\t--><rs-layer\n\t\t\t\t\t\t\t\tid=\"slider-11-slide-33-layer-2\" \n\t\t\t\t\t\t\t\tdata-type=\"image\"\n\t\t\t\t\t\t\t\tdata-rsp_ch=\"on\"\n\t\t\t\t\t\t\t\tdata-xy=\"x:c;y:c;\"\n\t\t\t\t\t\t\t\tdata-text=\"w:normal;\"\n\t\t\t\t\t\t\t\tdata-dim=\"w:2560px;h:1707px;\"\n\t\t\t\t\t\t\t\tdata-frame_999=\"o:0;st:w;\"\n\t\t\t\t\t\t\t\tstyle=\"z-index:8;\"\n\t\t\t\t\t\t\t><img data-recalc-dims=\"1\" decoding=\"async\" src=\"https:\/\/i0.wp.com\/remoplastic.co\/wp-content\/plugins\/revslider\/sr6\/assets\/assets\/dummy.png?resize=2560%2C1707\" alt=\"\" class=\"tp-rs-img rs-lazyload\" width=\"2560\" height=\"1707\" data-lazyload=\"\/\/remoplastic.co\/wp-content\/uploads\/2022\/07\/happy-life-low-scaled.jpg\" data-no-retina> \n\t\t\t\t\t\t\t<\/rs-layer><!--\n\n\t\t\t\t\t\t\t--><rs-layer\n\t\t\t\t\t\t\t\tid=\"slider-11-slide-33-layer-4\" \n\t\t\t\t\t\t\t\tdata-type=\"text\"\n\t\t\t\t\t\t\t\tdata-color=\"#ffffff\"\n\t\t\t\t\t\t\t\tdata-rsp_ch=\"on\"\n\t\t\t\t\t\t\t\tdata-xy=\"x:c;xo:432px;y:275px;\"\n\t\t\t\t\t\t\t\tdata-text=\"w:nowrap;s:23;l:35;a:center;\"\n\t\t\t\t\t\t\t\tdata-dim=\"w:332.997px;h:79.99430000000001px;\"\n\t\t\t\t\t\t\t\tdata-frame_1=\"e:power4.inOut;sp:1200;\"\n\t\t\t\t\t\t\t\tdata-frame_1_sfx=\"se:blocktoright;\"\n\t\t\t\t\t\t\t\tdata-frame_999=\"o:0;st:w;\"\n\t\t\t\t\t\t\t\tstyle=\"z-index:10;font-family:'Roboto';\"\n\t\t\t\t\t\t\t>ReMo tr\u00e4gt zur Verbesserung<br \/>\n Ihrer Lebensqualit\u00e4t bei \n\t\t\t\t\t\t\t<\/rs-layer><!--\n\n\t\t\t\t\t\t\t--><rs-layer\n\t\t\t\t\t\t\t\tid=\"slider-11-slide-33-layer-6\" \n\t\t\t\t\t\t\t\tdata-type=\"shape\"\n\t\t\t\t\t\t\t\tdata-rsp_ch=\"on\"\n\t\t\t\t\t\t\t\tdata-xy=\"x:885px;y:183px;\"\n\t\t\t\t\t\t\t\tdata-text=\"w:normal;\"\n\t\t\t\t\t\t\t\tdata-dim=\"w:337px;h:180px;\"\n\t\t\t\t\t\t\t\tdata-frame_999=\"o:0;st:w;\"\n\t\t\t\t\t\t\t\tstyle=\"z-index:9;background-color:rgba(0,0,0,0.5);\"\n\t\t\t\t\t\t\t> \n\t\t\t\t\t\t\t<\/rs-layer><!--\n\n\t\t\t\t\t\t\t--><rs-layer\n\t\t\t\t\t\t\t\tid=\"slider-11-slide-33-layer-11\" \n\t\t\t\t\t\t\t\tdata-type=\"image\"\n\t\t\t\t\t\t\t\tdata-rsp_ch=\"on\"\n\t\t\t\t\t\t\t\tdata-xy=\"x:913px;y:202px;\"\n\t\t\t\t\t\t\t\tdata-text=\"w:normal;\"\n\t\t\t\t\t\t\t\tdata-dim=\"w:258px;h:60px;\"\n\t\t\t\t\t\t\t\tdata-frame_1=\"e:power4.inOut;sp:1200;\"\n\t\t\t\t\t\t\t\tdata-frame_1_sfx=\"se:blocktoleft;\"\n\t\t\t\t\t\t\t\tdata-frame_999=\"o:0;st:w;\"\n\t\t\t\t\t\t\t\tstyle=\"z-index:11;\"\n\t\t\t\t\t\t\t><img data-recalc-dims=\"1\" decoding=\"async\" src=\"https:\/\/i0.wp.com\/remoplastic.co\/wp-content\/plugins\/revslider\/sr6\/assets\/assets\/dummy.png?resize=258%2C60\" alt=\"\" class=\"tp-rs-img rs-lazyload\" width=\"258\" height=\"60\" data-lazyload=\"\/\/remoplastic.co\/wp-content\/uploads\/2022\/07\/logo-remo-retina.png\" data-no-retina> \n\t\t\t\t\t\t\t<\/rs-layer><!--\n-->\t\t\t\t\t<\/rs-slide>\n\t\t\t\t\t\t<rs-slide style=\"position: absolute;\" data-key=\"rs-34\" data-title=\"Slide\" data-thumb=\"\/\/remoplastic.co\/wp-content\/uploads\/2022\/09\/slider-50x100.jpg\" data-anim=\"adpr:false;\" data-in=\"o:0;\" data-out=\"a:false;\">\n\t\t\t\t\t\t\t<img data-recalc-dims=\"1\" decoding=\"async\" src=\"https:\/\/i0.wp.com\/remoplastic.co\/wp-content\/plugins\/revslider\/sr6\/assets\/assets\/dummy.png?resize=800%2C533\" alt=\"\" title=\"slider\" width=\"800\" height=\"533\" class=\"rev-slidebg tp-rs-img rs-lazyload\" data-lazyload=\"\/\/remoplastic.co\/wp-content\/uploads\/2022\/09\/slider.jpg\" data-no-retina>\n<!--\n\t\t\t\t\t\t\t--><rs-layer\n\t\t\t\t\t\t\t\tid=\"slider-11-slide-34-layer-1\" \n\t\t\t\t\t\t\t\tdata-type=\"text\"\n\t\t\t\t\t\t\t\tdata-color=\"#ffffff\"\n\t\t\t\t\t\t\t\tdata-rsp_ch=\"on\"\n\t\t\t\t\t\t\t\tdata-xy=\"x:561px;y:220px;\"\n\t\t\t\t\t\t\t\tdata-text=\"w:normal;s:30;\"\n\t\t\t\t\t\t\t\tdata-dim=\"w:510.989px;\"\n\t\t\t\t\t\t\t\tdata-frame_0=\"sX:0.9;sY:0.9;\"\n\t\t\t\t\t\t\t\tdata-frame_1=\"sp:1000;\"\n\t\t\t\t\t\t\t\tdata-frame_999=\"o:0;st:w;\"\n\t\t\t\t\t\t\t\tstyle=\"z-index:11;font-family:'Roboto';\"\n\t\t\t\t\t\t\t>Geschwindigkeit neben Sicherheit \n\t\t\t\t\t\t\t<\/rs-layer><!--\n\n\t\t\t\t\t\t\t--><rs-layer\n\t\t\t\t\t\t\t\tid=\"slider-11-slide-34-layer-5\" \n\t\t\t\t\t\t\t\tdata-type=\"shape\"\n\t\t\t\t\t\t\t\tdata-rsp_ch=\"on\"\n\t\t\t\t\t\t\t\tdata-xy=\"x:420px;y:101px;\"\n\t\t\t\t\t\t\t\tdata-text=\"w:normal;\"\n\t\t\t\t\t\t\t\tdata-dim=\"w:785px;h:180px;\"\n\t\t\t\t\t\t\t\tdata-frame_0=\"x:-50;\"\n\t\t\t\t\t\t\t\tdata-frame_1=\"sp:1000;\"\n\t\t\t\t\t\t\t\tdata-frame_999=\"o:0;st:w;\"\n\t\t\t\t\t\t\t\tstyle=\"z-index:9;background-color:rgba(0,0,0,0.5);\"\n\t\t\t\t\t\t\t> \n\t\t\t\t\t\t\t<\/rs-layer><!--\n\n\t\t\t\t\t\t\t--><rs-layer\n\t\t\t\t\t\t\t\tid=\"slider-11-slide-34-layer-10\" \n\t\t\t\t\t\t\t\tdata-type=\"image\"\n\t\t\t\t\t\t\t\tdata-rsp_ch=\"on\"\n\t\t\t\t\t\t\t\tdata-xy=\"x:453px;y:127px;\"\n\t\t\t\t\t\t\t\tdata-text=\"w:normal;\"\n\t\t\t\t\t\t\t\tdata-dim=\"w:717px;h:82px;\"\n\t\t\t\t\t\t\t\tdata-frame_0=\"x:right;skX:-85;\"\n\t\t\t\t\t\t\t\tdata-frame_1=\"sp:1000;\"\n\t\t\t\t\t\t\t\tdata-frame_999=\"o:0;st:w;\"\n\t\t\t\t\t\t\t\tstyle=\"z-index:10;\"\n\t\t\t\t\t\t\t><img data-recalc-dims=\"1\" decoding=\"async\" src=\"https:\/\/i0.wp.com\/remoplastic.co\/wp-content\/plugins\/revslider\/sr6\/assets\/assets\/dummy.png?resize=2218%2C255\" alt=\"\" class=\"tp-rs-img rs-lazyload\" width=\"2218\" height=\"255\" data-lazyload=\"\/\/remoplastic.co\/wp-content\/uploads\/2022\/07\/green.png\" data-no-retina> \n\t\t\t\t\t\t\t<\/rs-layer><!--\n-->\t\t\t\t\t<\/rs-slide>\n\t\t\t\t\t<\/rs-slides>\n\t\t\t\t<\/rs-module>\n\t\t\t\t<script data-jetpack-boost=\"ignore\">\n\t\t\t\t\tsetREVStartSize({c: 'rev_slider_11_1',rl:[1240,1024,778,480],el:[900],gw:[1240],gh:[900],type:'standard',justify:'',layout:'fullwidth',mh:\"0\"});if (window.RS_MODULES!==undefined && window.RS_MODULES.modules!==undefined && window.RS_MODULES.modules[\"revslider111\"]!==undefined) {window.RS_MODULES.modules[\"revslider111\"].once = false;window.revapi11 = undefined;if (window.RS_MODULES.checkMinimal!==undefined) window.RS_MODULES.checkMinimal()}\n\t\t\t\t<\/script>\n\t\t\t<\/rs-module-wrap>\n\t\t\t<!-- END REVOLUTION SLIDER -->\n[\/vc_column][\/vc_row][vc_row css=&#8221;.vc_custom_1655813149435{padding-top: 50px !important;padding-bottom: 50px !important;}&#8221;][vc_column]<div class=\"shortcode-wrapper shortcode-title clearfix\"><h1 style=\"color:#727272!important;border-color:#727272\" class=\"aligncenter\">Einf\u00fchrung \u00dcber ReMo<\/h1><\/div>[\/vc_column][\/vc_row][vc_row css=&#8221;.vc_custom_1655965511578{padding-bottom: 50px !important;}&#8221;][vc_column width=&#8221;1\/2&#8243;][vc_column_text css_animation=&#8221;fadeInUpBig&#8221;]<strong>ReMo<\/strong> Unternehmen, mit Experten auf dem Gebiet der Polymermaterialien, versucht, die verwandten M\u00e4rkte und seine Kunden zu identifizieren, liefern wir alle Arten von Polymermaterial, die mit den neuesten europ\u00e4ischen und amerikanischen Standardpr\u00fcfger\u00e4ten getestet wurden. <strong>ReMo<\/strong> konzentriert sich auf die breite Palette von Polymeren und Compounds mit sehr hoher Qualit\u00e4t, um seine Kunden auf der ganzen Welt zu beliefern.<br \/>\nUnsere Berater verf\u00fcgen \u00fcber umfassende Informationen zu technischen Fragen und eine genaue Unterst\u00fctzung bei der Auswahl des optimalen Produkts und bieten unseren Kunden eine profitable Beratung.<br \/>\nEntsprechend den Bed\u00fcrfnissen der Kunden wurden die Produkte mit einer speziellen Kombination von Eigenschaften wie Hitzebest\u00e4ndigkeit, Festigkeit, Z\u00e4higkeit, Biokompatibilit\u00e4t usw. unter Verwendung moderner Ger\u00e4te und Technologien hergestellt.[\/vc_column_text][\/vc_column][vc_column width=&#8221;1\/2&#8243;]<div class=\"shortcode-wrapper shortcode-simple-slider hb-flexslider-wrapper bordered-wrapper hb-animate-element hb-right-to-left\"><div class=\"hb-flexslider init-flexslider clearfix loading\" id=\"flexslider_30419\" data-speed=\"7000\" data-pause-on-hover=\"true\" data-control-nav=\"true\" data-direction-nav=\"true\"><ul class=\"hb-flex-slides clearfix\"><li><a href=\"https:\/\/i0.wp.com\/remoplastic.co\/wp-content\/uploads\/2022\/07\/Introduction-about-remo1-low.jpg?fit=1000%2C660&ssl=1\" rel=\"prettyPhoto&#091;flexslider_30419&#093;\" data-title=\"\" alt=\"Slider Image\"><img decoding=\"async\" src=\"https:\/\/i0.wp.com\/remoplastic.co\/wp-content\/uploads\/2022\/07\/Introduction-about-remo1-low.jpg?fit=1000%2C660&ssl=1\"\/><\/a><\/li><li><a href=\"https:\/\/i0.wp.com\/remoplastic.co\/wp-content\/uploads\/2022\/07\/Introduction-about-remo2-low.jpg?fit=1000%2C558&ssl=1\" rel=\"prettyPhoto&#091;flexslider_30419&#093;\" data-title=\"\" alt=\"Slider Image\"><img decoding=\"async\" src=\"https:\/\/i0.wp.com\/remoplastic.co\/wp-content\/uploads\/2022\/07\/Introduction-about-remo2-low.jpg?fit=1000%2C558&ssl=1\"\/><\/a><\/li><li><a href=\"https:\/\/i0.wp.com\/remoplastic.co\/wp-content\/uploads\/2022\/07\/Introduction-about-remo3-low.jpg?fit=1000%2C667&ssl=1\" rel=\"prettyPhoto&#091;flexslider_30419&#093;\" data-title=\"\" alt=\"Slider Image\"><img decoding=\"async\" src=\"https:\/\/i0.wp.com\/remoplastic.co\/wp-content\/uploads\/2022\/07\/Introduction-about-remo3-low.jpg?fit=1000%2C667&ssl=1\"\/><\/a><\/li><\/ul><\/div><\/div>[\/vc_column][\/vc_row][vc_row][vc_column][vc_separator][\/vc_column][\/vc_row][vc_row][vc_column width=&#8221;1\/2&#8243; css=&#8221;.vc_custom_1658651693463{margin-right: 20px !important;padding-top: 20px !important;padding-right: 20px !important;padding-bottom: 20px !important;padding-left: 20px !important;background-color: #eaeaea !important;}&#8221;][vc_single_image image=&#8221;13912&#8243; img_size=&#8221;500&#215;300&#8243; add_caption=&#8221;yes&#8221; style=&#8221;vc_box_shadow_border&#8221; onclick=&#8221;custom_link&#8221; css_animation=&#8221;bounceInDown&#8221; title=&#8221;ReMo Produkt&#8221; link=&#8221;https:%2F%2Fremoplastic.co%2Fremo-product%2F|&#8221;][vc_column_text css_animation=&#8221;fadeInRightBig&#8221;]Erfahren Sie mehr \u00fcber unsere Produkte[\/vc_column_text]<a href=\"https:\/\/remoplastic.co\/remo-product\/\" class=\"hb-button hb-default hb-default-button\" target=\"_self\" style=\"-webkit-border-radius: 2px;-moz-border-radius: 2px;border-radius: 2px;\">read more<\/a>[\/vc_column][vc_column width=&#8221;1\/2&#8243; css=&#8221;.vc_custom_1663501890489{padding-top: 20px !important;padding-right: 20px !important;padding-bottom: 20px !important;padding-left: 20px !important;background-color: #eaeaea !important;}&#8221;][vc_single_image image=&#8221;13896&#8243; img_size=&#8221;500&#215;300&#8243; add_caption=&#8221;yes&#8221; style=&#8221;vc_box_shadow_border&#8221; onclick=&#8221;custom_link&#8221; css_animation=&#8221;bounceInDown&#8221; title=&#8221;ReMo MARKETING&#8221; link=&#8221;https:%2F%2Fremoplastic.co%2Fremo-markating%2F|&#8221;][vc_column_text css_animation=&#8221;fadeInRightBig&#8221;]Was macht Remo?[\/vc_column_text]<a href=\"https:\/\/remoplastic.co\/remo-markating\/\" class=\"hb-button hb-default hb-default-button\" target=\"_self\" style=\"-webkit-border-radius: 2px;-moz-border-radius: 2px;border-radius: 2px;\">read more<\/a>[\/vc_column][\/vc_row][vc_row][vc_column][vc_separator][\/vc_column][\/vc_row][vc_row css=&#8221;.vc_custom_1655965511578{padding-bottom: 50px !important;}&#8221;][vc_column width=&#8221;1\/2&#8243;][vc_column_text css_animation=&#8221;fadeInUpBig&#8221;]Mit der rasanten Expansion der petrochemischen Industrie werden in dieser Industrie eine Vielzahl unterschiedlicher Kunststoffmaterialien hergestellt. Offensichtlich nimmt mit der Zunahme der Produktion von Kunststoffrohstoffen auch der Kunststoffabfall in gleichem Ma\u00dfe oder etwas weniger zu.<\/p>\n<p>Die Steigerung der Produktion und des Verbrauchs von Kunststoffen und Erd\u00f6lprodukten im Alltag hat zur Anh\u00e4ufung gro\u00dfer Mengen nicht abbaubarer Kunststoffabf\u00e4lle gef\u00fchrt, was gro\u00dfe Umweltprobleme verursacht hat, da die meisten Polymere sehr stabil sind, was zu einem ernsthaften Problem geworden ist und es sind dringende Ma\u00dfnahmen erforderlich, um das Umweltproblem anzugehen.<\/p>\n<p>Daher ist es sehr wichtig, Wege zu finden, nicht abbaubaren Plastikm\u00fcll zu eliminieren. Die Abfallbewirtschaftungsstrategien f\u00fcr Polymere sind Recycling, Verbrennung, biologische Sanierung und Deponien. Diese Methoden sind etabliert, um eine gute saubere Umgebung und gute Entsorgungssysteme f\u00fcr Kunststoffabf\u00e4lle zu schaffen[\/vc_column_text][\/vc_column][vc_column width=&#8221;1\/2&#8243;]<div class=\"shortcode-wrapper shortcode-simple-slider hb-flexslider-wrapper bordered-wrapper hb-animate-element hb-right-to-left\"><div class=\"hb-flexslider init-flexslider clearfix loading\" id=\"flexslider_23451\" data-speed=\"7000\" data-pause-on-hover=\"true\" data-control-nav=\"true\" data-direction-nav=\"true\"><ul class=\"hb-flex-slides clearfix\"><li><a href=\"https:\/\/i0.wp.com\/remoplastic.co\/wp-content\/uploads\/2022\/08\/Water-manegment-low.jpg?fit=1000%2C667&ssl=1\" rel=\"prettyPhoto&#091;flexslider_23451&#093;\" data-title=\"\" alt=\"Slider Image\"><img decoding=\"async\" src=\"https:\/\/i0.wp.com\/remoplastic.co\/wp-content\/uploads\/2022\/08\/Water-manegment-low.jpg?fit=1000%2C667&ssl=1\"\/><\/a><\/li><li><a href=\"https:\/\/i0.wp.com\/remoplastic.co\/wp-content\/uploads\/2022\/08\/Environent-low.jpg?fit=1000%2C827&ssl=1\" rel=\"prettyPhoto&#091;flexslider_23451&#093;\" data-title=\"\" alt=\"Slider Image\"><img decoding=\"async\" src=\"https:\/\/i0.wp.com\/remoplastic.co\/wp-content\/uploads\/2022\/08\/Environent-low.jpg?fit=1000%2C827&ssl=1\"\/><\/a><\/li><\/ul><\/div><\/div>[\/vc_column][\/vc_row][vc_row][vc_column][vc_separator][\/vc_column][\/vc_row][vc_row full_width=&#8221;stretch_row&#8221; equal_height=&#8221;yes&#8221; content_placement=&#8221;top&#8221; css=&#8221;.vc_custom_1662299067442{margin-bottom: 0px !important;background-color: #6d91e8 !important;}&#8221; el_class=&#8221;first-container&#8221;][vc_column width=&#8221;1\/2&#8243;][vc_single_image image=&#8221;14356&#8243; img_size=&#8221;full&#8221; alignment=&#8221;center&#8221; onclick=&#8221;custom_link&#8221; img_link_target=&#8221;_blank&#8221; css_animation=&#8221;fadeInRight&#8221; css=&#8221;.vc_custom_1662299002283{padding-top: 100px !important;}&#8221; link=&#8221;https:%2F%2Ffunfkontinent.com%2F|&#8221;][vc_empty_space][\/vc_column][vc_column width=&#8221;1\/2&#8243;][vc_empty_space][vc_empty_space][vc_column_text css_animation=&#8221;bottom-to-top&#8221;]<span style=\"color: #ffffff;\"><strong>Die Funf Kontinente Technik Company aus D\u00fcsseldorf wird gegr\u00fcndet, um in hochwertige Projekte wie die Firma ReMo f\u00fcr Kunststoffverbindungen zu investieren.<\/strong> Das w\u00e4re nicht m\u00f6glich, wenn man nicht auf die erfahrenen Mitarbeiter von Funf Kontinent Technik in verschiedenen Bereichen setzt. Alle unsere Bem\u00fchungen werden darauf ausgerichtet sein, Projekte zu erfassen, die das menschliche Leben in der einen Hand erleichtern und den Menschen in der anderen Hand respektieren. Die Bedeutung von Umwelt und Umweltfreundlichkeit sind ein entscheidender Faktor in internationalen Unternehmen und es ist auch f\u00fcr uns wichtig. Gemeinsam versuchen wir unser Bestes, um das bessere Leben f\u00fcr uns und f\u00fcr die n\u00e4chste Generation zu schaffen.<\/span>[\/vc_column_text]<div class=\" ubtn-ctn-center \"><a class=\"ubtn-link ult-adjust-bottom-margin ubtn-center ubtn-large \" href=\"https:\/\/funfkontinent.com\/\" ><button type=\"button\" id=\"ubtn-2393\"  class=\"ubtn ult-adjust-bottom-margin ult-responsive ubtn-large ubtn-right-bg  ulta-push  ubtn-sep-icon ubtn-sep-icon-right-push  ubtn-center   tooltip-69eb80ee5d2e7\"  data-hover=\"\" data-border-color=\"\" data-bg=\"#e0e0e0\" data-hover-bg=\"#1e73be\" data-border-hover=\"\" data-shadow-hover=\"\" data-shadow-click=\"none\" data-shadow=\"\" data-shd-shadow=\"\"  data-ultimate-target='#ubtn-2393'  data-responsive-json-new='{\"font-size\":\"desktop:19px;\",\"line-height\":\"desktop:10px;\"}'  style=\"font-weight:normal;border:none;background: #e0e0e0;color: #000000;\"><span class=\"ubtn-data ubtn-icon\"><i class=\"Defaults-angle-double-right\" style=\"font-size:32px;color:;\"><\/i><\/span><span class=\"ubtn-hover\" style=\"background-color:#1e73be\"><\/span><span class=\"ubtn-data ubtn-text \" >Funf kontinente<\/span><\/button><\/a><\/div>[vc_empty_space][\/vc_column][\/vc_row][vc_row full_width=&#8221;stretch_row&#8221; css=&#8221;.vc_custom_1447270761325{margin-bottom: 0px !important;padding-top: 100px !important;padding-bottom: 50px !important;background-color: #f2efea !important;}&#8221;][vc_column width=&#8221;1\/6&#8243;][\/vc_column][vc_column width=&#8221;2\/3&#8243;][vc_column_text css_animation=&#8221;bottom-to-top&#8221;]\n<p style=\"text-align: center; font-weight: bold; color: #4c4b4a; font-size: 70px; line-height: 100px;\">Kontakt<\/p>\n[\/vc_column_text]\n<div class=\"wpcf7 no-js\" id=\"wpcf7-f16263-o1\" lang=\"de-DE\" dir=\"ltr\" data-wpcf7-id=\"16263\">\n<div class=\"screen-reader-response\"><p role=\"status\" aria-live=\"polite\" aria-atomic=\"true\"><\/p> <ul><\/ul><\/div>\n<form action=\"\/de\/wp-json\/wp\/v2\/pages\/16222#wpcf7-f16263-o1\" method=\"post\" class=\"wpcf7-form init\" aria-label=\"Kontaktformular\" novalidate=\"novalidate\" data-status=\"init\">\n<fieldset class=\"hidden-fields-container\"><input type=\"hidden\" name=\"_wpcf7\" value=\"16263\" \/><input type=\"hidden\" name=\"_wpcf7_version\" value=\"6.1.5\" \/><input type=\"hidden\" name=\"_wpcf7_locale\" value=\"de_DE\" \/><input type=\"hidden\" name=\"_wpcf7_unit_tag\" value=\"wpcf7-f16263-o1\" \/><input type=\"hidden\" name=\"_wpcf7_container_post\" value=\"0\" \/><input type=\"hidden\" name=\"_wpcf7_posted_data_hash\" value=\"\" \/>\n<\/fieldset>\n<p><label> Ihren Namen<br \/>\n<span class=\"wpcf7-form-control-wrap\" data-name=\"your-name\"><input size=\"40\" maxlength=\"400\" class=\"wpcf7-form-control wpcf7-text wpcf7-validates-as-required\" aria-required=\"true\" aria-invalid=\"false\" value=\"\" type=\"text\" name=\"your-name\" \/><\/span> <\/label>\n<\/p>\n<p><label> Deine E-Mail<br \/>\n<span class=\"wpcf7-form-control-wrap\" data-name=\"your-email\"><input size=\"40\" maxlength=\"400\" class=\"wpcf7-form-control wpcf7-email wpcf7-validates-as-required wpcf7-text wpcf7-validates-as-email\" aria-required=\"true\" aria-invalid=\"false\" value=\"\" type=\"email\" name=\"your-email\" \/><\/span> <\/label>\n<\/p>\n<p><label> der Gegenstand<br \/>\n<span class=\"wpcf7-form-control-wrap\" data-name=\"your-subject\"><input size=\"40\" maxlength=\"400\" class=\"wpcf7-form-control wpcf7-text wpcf7-validates-as-required\" aria-required=\"true\" aria-invalid=\"false\" value=\"\" type=\"text\" name=\"your-subject\" \/><\/span> <\/label>\n<\/p>\n<p><label> Ihre Nachricht (optional)<br \/>\n<span class=\"wpcf7-form-control-wrap\" data-name=\"your-message\"><textarea cols=\"40\" rows=\"10\" maxlength=\"2000\" class=\"wpcf7-form-control wpcf7-textarea\" aria-invalid=\"false\" name=\"your-message\"><\/textarea><\/span> <\/label>\n<\/p>\n<p><input class=\"wpcf7-form-control wpcf7-submit has-spinner\" type=\"submit\" value=\"Submit\" \/>\n<\/p><div class=\"wpcf7-response-output\" aria-hidden=\"true\"><\/div>\n<\/form>\n<\/div>\n[\/vc_column][vc_column width=&#8221;1\/6&#8243;][\/vc_column][\/vc_row][vc_row full_width=&#8221;stretch_row_content&#8221; content_placement=&#8221;middle&#8221; parallax_content=&#8221;parallax_content_value&#8221; parallax_content_sense=&#8221;30&#8243; fadeout_row=&#8221;fadeout_row_value&#8221; fadeout_start_effect=&#8221;30&#8243; css=&#8221;.vc_custom_1660544375317{padding-top: 80px !important;padding-bottom: 50px !important;background-image: url(https:\/\/localhost\/wp-content\/uploads\/2022\/06\/stock-photo-a-hand-hold-or-touching-plastic-pellets-plastic-polymer-dye-granules-color-clear-blue-1028856157.jpg?id=7784) !important;background-position: center !important;background-repeat: no-repeat !important;background-size: cover !important;}&#8221;][vc_column][vc_empty_space][vc_column_text css_animation=&#8221;fadeInUp&#8221;]\n<p style=\"text-align: center; font-size: 70px; line-height: 70px; font-family: Playfair Display;\"><span style=\"color: #444;\">Entdecken Sie, was Sie wollen<\/span><\/p>\n[\/vc_column_text][\/vc_column][\/vc_row]\n<\/div>","protected":false},"excerpt":{"rendered":"<p>[vc_row fullwidth=&#8221;yes&#8221; css=&#8221;.vc_custom_1662362459273{margin-bottom: 0px !important;}&#8221;][vc_column][\/vc_column][\/vc_row][vc_row css=&#8221;.vc_custom_1655813149435{padding-top: 50px !important;padding-bottom: 50px !important;}&#8221;][vc_column][\/vc_column][\/vc_row][vc_row css=&#8221;.vc_custom_1655965511578{padding-bottom: 50px !important;}&#8221;][vc_column width=&#8221;1\/2&#8243;][vc_column_text css_animation=&#8221;fadeInUpBig&#8221;]ReMo Unternehmen, mit Experten auf dem [&hellip;]<\/p>\n","protected":false},"author":1,"featured_media":0,"parent":0,"menu_order":0,"comment_status":"closed","ping_status":"closed","template":"","meta":{"nf_dc_page":"","footnotes":""},"class_list":["post-16222","page","type-page","status-publish","hentry"],"jetpack_sharing_enabled":true,"_links":{"self":[{"href":"https:\/\/remoplastic.co\/de\/wp-json\/wp\/v2\/pages\/16222","targetHints":{"allow":["GET"]}}],"collection":[{"href":"https:\/\/remoplastic.co\/de\/wp-json\/wp\/v2\/pages"}],"about":[{"href":"https:\/\/remoplastic.co\/de\/wp-json\/wp\/v2\/types\/page"}],"author":[{"embeddable":true,"href":"https:\/\/remoplastic.co\/de\/wp-json\/wp\/v2\/users\/1"}],"replies":[{"embeddable":true,"href":"https:\/\/remoplastic.co\/de\/wp-json\/wp\/v2\/comments?post=16222"}],"version-history":[{"count":5,"href":"https:\/\/remoplastic.co\/de\/wp-json\/wp\/v2\/pages\/16222\/revisions"}],"predecessor-version":[{"id":16282,"href":"https:\/\/remoplastic.co\/de\/wp-json\/wp\/v2\/pages\/16222\/revisions\/16282"}],"wp:attachment":[{"href":"https:\/\/remoplastic.co\/de\/wp-json\/wp\/v2\/media?parent=16222"}],"curies":[{"name":"wp","href":"https:\/\/api.w.org\/{rel}","templated":true}]}}