{"id":16369,"date":"2022-11-30T06:23:46","date_gmt":"2022-11-30T06:23:46","guid":{"rendered":"https:\/\/remoplastic.co\/events\/"},"modified":"2022-12-18T12:24:24","modified_gmt":"2022-12-18T12:24:24","slug":"events","status":"publish","type":"page","link":"https:\/\/remoplastic.co\/de\/events\/","title":{"rendered":"Veranstaltungen"},"content":{"rendered":"<div class=\"wpb-content-wrapper\">[vc_row][vc_column][vc_empty_space][\/vc_column][\/vc_row][vc_row][vc_column][vc_column_text css_animation=&#8221;fadeInUp&#8221;]Die Firma ReMo als Teil von Mother\u2019s company FUNS steht mit dem Motto (GREEN IDEA FOR EVER) war schon immer an unglaublich tollen Events und Ausstellungen wie der K Exhibition\u2019s Germany beteiligt. Die Vorreiterrolle bei der Produktion neuer und verschiedener Polymermaterialien hat den industriellen Herstellern und Herstellern diese M\u00f6glichkeit geschaffen und erm\u00f6glicht, mit ReMo Polymers and Materials Productions ihr eigenes Gesch\u00e4ft zu entwickeln und zu entwickeln.<br \/>\nDie ReMo COMPANY mit einem besonders energischen und jungen technischen Team wird neben der Teilnahme an den meisten und gro\u00dfartigsten Veranstaltungen auf Ihre technischen Fragen und W\u00fcnsche reagieren, auch mit \u00dcberwachung und \u00dcberwachung der neuen interessanten Ideen und neuen Projekte ein fester Schritt in Richtung Entwicklung und Produktion von technischen Polymercompounds und zeigt Unterst\u00fctzung und Hilfe f\u00fcr Entwicklungs- und Forschungsgruppen und -abteilungen an.[\/vc_column_text][\/vc_column][\/vc_row][vc_row][vc_column][vc_empty_space][\/vc_column][\/vc_row][vc_row][vc_column]<div class=\"shortcode-wrapper shortcode-blog-boxes\"><div class=\"row\"><div class=\"col-4\"><div class=\"hb-blog-box\"><div class=\"hb-blog-box-header\"><a href=\"https:\/\/remoplastic.co\/de\/expo-plast-romania\/\"><img data-recalc-dims=\"1\" loading=\"lazy\" decoding=\"async\" width=\"300\" height=\"400\" src=\"https:\/\/i0.wp.com\/remoplastic.co\/wp-content\/uploads\/2024\/06\/1-scaled.jpg?resize=300%2C400&#038;ssl=1\" alt=\"\"><\/a><\/div><div class=\"hb-blog-box-content\"><div class=\"hb-blog-box-title\"><h3><a href=\"https:\/\/remoplastic.co\/de\/expo-plast-romania\/\">Expo Plast Romania<\/a><\/h3><\/div><div class=\"hb-blog-box-excerpt\"><p>[vc_row][vc_column][vc_empty_space][\/vc_column][\/vc_row][vc_row][vc_column width=&#8221;2\/3&#8243;][vc_column_text css_animation=&#8221;fadeInUpBig&#8221; css=&#8221;&#8221;] Expo Plast &nbsp; 14-17 may 2024 Expo Plast is the only&hellip;<\/p><\/div><\/div><div class=\"hb-blog-box-footer clearfix without-date\"><span class=\"hb-blog-box-date\">10. Juni 2024<\/span><span class=\"hb-blog-box-read-more\"><a href=\"https:\/\/remoplastic.co\/de\/expo-plast-romania\/\" class=\"hb-special-read-more\">Read More<span><i class=\"hb-moon-arrow-right-5\"><\/i><\/span><\/a><\/span><\/div><\/div><\/div><div class=\"col-4\"><div class=\"hb-blog-box\"><div class=\"hb-blog-box-header\"><a href=\"https:\/\/remoplastic.co\/de\/plastexegypt\/\"><img data-recalc-dims=\"1\" loading=\"lazy\" decoding=\"async\" width=\"300\" height=\"400\" src=\"https:\/\/i0.wp.com\/remoplastic.co\/wp-content\/uploads\/2024\/03\/PHOTO-2024-03-06-21-27-34-5.jpg?resize=300%2C400&#038;ssl=1\" alt=\"\"><\/a><\/div><div class=\"hb-blog-box-content\"><div class=\"hb-blog-box-title\"><h3><a href=\"https:\/\/remoplastic.co\/de\/plastexegypt\/\">Plastexegypt<\/a><\/h3><\/div><div class=\"hb-blog-box-excerpt\"><p>[vc_row][vc_column][vc_empty_space][\/vc_column][\/vc_row][vc_row][vc_column width=&#8221;2\/3&#8243;][vc_column_text css_animation=&#8221;fadeInUpBig&#8221;] Egypt International Exhibition Center\u00a0 &nbsp; 9-12 January 2024 Egypt International Exhibition Center\u00a0&hellip;<\/p><\/div><\/div><div class=\"hb-blog-box-footer clearfix without-date\"><span class=\"hb-blog-box-date\">10. M\u00e4rz 2024<\/span><span class=\"hb-blog-box-read-more\"><a href=\"https:\/\/remoplastic.co\/de\/plastexegypt\/\" class=\"hb-special-read-more\">Read More<span><i class=\"hb-moon-arrow-right-5\"><\/i><\/span><\/a><\/span><\/div><\/div><\/div><div class=\"col-4\"><div class=\"hb-blog-box\"><div class=\"hb-blog-box-header\"><a href=\"https:\/\/remoplastic.co\/de\/milan-plastic-exhibition-2023\/\"><img data-recalc-dims=\"1\" loading=\"lazy\" decoding=\"async\" width=\"300\" height=\"400\" src=\"https:\/\/i0.wp.com\/remoplastic.co\/wp-content\/uploads\/2023\/10\/WhatsApp-Image-2023-10-14-at-10.07.16_0aef9926.jpg?resize=300%2C400&#038;ssl=1\" alt=\"\"><\/a><\/div><div class=\"hb-blog-box-content\"><div class=\"hb-blog-box-title\"><h3><a href=\"https:\/\/remoplastic.co\/de\/milan-plastic-exhibition-2023\/\">Milan Kunststoffmesse 2023<\/a><\/h3><\/div><div class=\"hb-blog-box-excerpt\"><p>[vc_row][vc_column][vc_empty_space][\/vc_column][\/vc_row][vc_row][vc_column width=&#8221;2\/3&#8243;][vc_column_text css_animation=&#8221;fadeInUpBig&#8221;] Milan Kunststoffmesse 5-8\/09\/2023 Unser Unternehmen nahm stolz an der Mail\u00e4nder Kunststoffausstellung teil&hellip;<\/p><\/div><\/div><div class=\"hb-blog-box-footer clearfix without-date\"><span class=\"hb-blog-box-date\">15. Oktober 2023<\/span><span class=\"hb-blog-box-read-more\"><a href=\"https:\/\/remoplastic.co\/de\/milan-plastic-exhibition-2023\/\" class=\"hb-special-read-more\">Read More<span><i class=\"hb-moon-arrow-right-5\"><\/i><\/span><\/a><\/span><\/div><\/div><\/div><\/div><div class=\"row\"><div class=\"col-4\"><div class=\"hb-blog-box\"><div class=\"hb-blog-box-header\"><a href=\"https:\/\/remoplastic.co\/de\/plastpol-2023\/\"><img data-recalc-dims=\"1\" loading=\"lazy\" decoding=\"async\" width=\"300\" height=\"400\" src=\"https:\/\/i0.wp.com\/remoplastic.co\/wp-content\/uploads\/2023\/06\/1.jpg?resize=300%2C400&#038;ssl=1\" alt=\"\"><\/a><\/div><div class=\"hb-blog-box-content\"><div class=\"hb-blog-box-title\"><h3><a href=\"https:\/\/remoplastic.co\/de\/plastpol-2023\/\">Plastpol 2023<\/a><\/h3><\/div><div class=\"hb-blog-box-excerpt\"><p>[vc_row][vc_column][vc_empty_space][\/vc_column][\/vc_row][vc_row][vc_column width=&#8221;2\/3&#8243;][vc_column_text css_animation=&#8221;fadeInUpBig&#8221;] Plastpol 23-26\/05\/2023 27th International Fair of Plastics and Rubber Processing PLASTPOL [\/vc_column_text][\/vc_column][vc_column&hellip;<\/p><\/div><\/div><div class=\"hb-blog-box-footer clearfix without-date\"><span class=\"hb-blog-box-date\">22. Juni 2023<\/span><span class=\"hb-blog-box-read-more\"><a href=\"https:\/\/remoplastic.co\/de\/plastpol-2023\/\" class=\"hb-special-read-more\">Read More<span><i class=\"hb-moon-arrow-right-5\"><\/i><\/span><\/a><\/span><\/div><\/div><\/div><div class=\"col-4\"><div class=\"hb-blog-box\"><div class=\"hb-blog-box-header\"><a href=\"https:\/\/remoplastic.co\/de\/german-exhibition\/\"><img data-recalc-dims=\"1\" loading=\"lazy\" decoding=\"async\" width=\"300\" height=\"400\" src=\"https:\/\/i0.wp.com\/remoplastic.co\/wp-content\/uploads\/2022\/11\/3-low-1.jpg?resize=300%2C400&#038;ssl=1\" alt=\"\"><\/a><\/div><div class=\"hb-blog-box-content\"><div class=\"hb-blog-box-title\"><h3><a href=\"https:\/\/remoplastic.co\/de\/german-exhibition\/\">K Exhibition<\/a><\/h3><\/div><div class=\"hb-blog-box-excerpt\"><p>[vc_row][vc_column][vc_empty_space][\/vc_column][\/vc_row][vc_row][vc_column width=&#8221;2\/3&#8243;][vc_column_text css_animation=&#8221;fadeInUpBig&#8221;] The World&#8217;s No. I Trade Fair for Plastics and Rubber &nbsp; 19-26&hellip;<\/p><\/div><\/div><div class=\"hb-blog-box-footer clearfix without-date\"><span class=\"hb-blog-box-date\">30. November 2022<\/span><span class=\"hb-blog-box-read-more\"><a href=\"https:\/\/remoplastic.co\/de\/german-exhibition\/\" class=\"hb-special-read-more\">Read More<span><i class=\"hb-moon-arrow-right-5\"><\/i><\/span><\/a><\/span><\/div><\/div><\/div><div class=\"col-4\"><div class=\"hb-blog-box\"><div class=\"hb-blog-box-header\"><a href=\"https:\/\/remoplastic.co\/de\/dubai-exhibition\/\"><img data-recalc-dims=\"1\" loading=\"lazy\" decoding=\"async\" width=\"300\" height=\"400\" src=\"https:\/\/i0.wp.com\/remoplastic.co\/wp-content\/uploads\/2022\/11\/DSC_2731-low.jpg?resize=300%2C400&#038;ssl=1\" alt=\"\"><\/a><\/div><div class=\"hb-blog-box-content\"><div class=\"hb-blog-box-title\"><h3><a href=\"https:\/\/remoplastic.co\/de\/dubai-exhibition\/\">Arab Plast<\/a><\/h3><\/div><div class=\"hb-blog-box-excerpt\"><p>[vc_row][vc_column][vc_empty_space][\/vc_column][\/vc_row][vc_row][vc_column width=&#8221;2\/3&#8243;][vc_column_text css_animation=&#8221;fadeInUpBig&#8221;] International Trade Show for Plastics, Petrochemical, Packaging &amp; Rubber Industry &nbsp; 15-18&hellip;<\/p><\/div><\/div><div class=\"hb-blog-box-footer clearfix without-date\"><span class=\"hb-blog-box-date\">30. November 2022<\/span><span class=\"hb-blog-box-read-more\"><a href=\"https:\/\/remoplastic.co\/de\/dubai-exhibition\/\" class=\"hb-special-read-more\">Read More<span><i class=\"hb-moon-arrow-right-5\"><\/i><\/span><\/a><\/span><\/div><\/div><\/div><\/div><\/div>[\/vc_column][\/vc_row]\n<\/div>","protected":false},"excerpt":{"rendered":"<p>[vc_row][vc_column][vc_empty_space][\/vc_column][\/vc_row][vc_row][vc_column][vc_column_text css_animation=&#8221;fadeInUp&#8221;]Die Firma ReMo als Teil von Mother\u2019s company FUNS steht mit dem Motto (GREEN IDEA FOR EVER) war schon [&hellip;]<\/p>\n","protected":false},"author":1,"featured_media":16288,"parent":0,"menu_order":0,"comment_status":"closed","ping_status":"closed","template":"","meta":{"nf_dc_page":"","footnotes":""},"class_list":["post-16369","page","type-page","status-publish","has-post-thumbnail","hentry"],"jetpack_sharing_enabled":true,"_links":{"self":[{"href":"https:\/\/remoplastic.co\/de\/wp-json\/wp\/v2\/pages\/16369","targetHints":{"allow":["GET"]}}],"collection":[{"href":"https:\/\/remoplastic.co\/de\/wp-json\/wp\/v2\/pages"}],"about":[{"href":"https:\/\/remoplastic.co\/de\/wp-json\/wp\/v2\/types\/page"}],"author":[{"embeddable":true,"href":"https:\/\/remoplastic.co\/de\/wp-json\/wp\/v2\/users\/1"}],"replies":[{"embeddable":true,"href":"https:\/\/remoplastic.co\/de\/wp-json\/wp\/v2\/comments?post=16369"}],"version-history":[{"count":5,"href":"https:\/\/remoplastic.co\/de\/wp-json\/wp\/v2\/pages\/16369\/revisions"}],"predecessor-version":[{"id":16379,"href":"https:\/\/remoplastic.co\/de\/wp-json\/wp\/v2\/pages\/16369\/revisions\/16379"}],"wp:featuredmedia":[{"embeddable":true,"href":"https:\/\/remoplastic.co\/de\/wp-json\/wp\/v2\/media\/16288"}],"wp:attachment":[{"href":"https:\/\/remoplastic.co\/de\/wp-json\/wp\/v2\/media?parent=16369"}],"curies":[{"name":"wp","href":"https:\/\/api.w.org\/{rel}","templated":true}]}}